{"id":270,"date":"2025-12-11T14:16:24","date_gmt":"2025-12-11T13:16:24","guid":{"rendered":"https:\/\/colombophile62500.fr\/?page_id=270"},"modified":"2026-04-01T09:16:54","modified_gmt":"2026-04-01T08:16:54","slug":"vieux-3","status":"publish","type":"page","link":"https:\/\/colombophile62500.fr\/index.php\/vieux-3\/","title":{"rendered":"Vieux"},"content":{"rendered":"\t\t<div data-elementor-type=\"wp-page\" data-elementor-id=\"270\" class=\"elementor elementor-270\">\n\t\t\t\t<div class=\"elementor-element elementor-element-bf565bd e-con-full e-flex e-con e-parent\" data-id=\"bf565bd\" data-element_type=\"container\" data-e-type=\"container\">\n\t\t\t\t<div class=\"elementor-element elementor-element-a3085df elementor-widget elementor-widget-heading\" data-id=\"a3085df\" data-element_type=\"widget\" data-e-type=\"widget\" data-widget_type=\"heading.default\">\n\t\t\t\t\t<h2 class=\"elementor-heading-title elementor-size-default\">R\u00e9sultats Vieux (\u00e2g\u00e9 de deux ans ou plus)<\/h2>\t\t\t\t<\/div>\n\t\t\t\t<\/div>\n\t\t<div class=\"elementor-element elementor-element-0f3a2a0 e-con-full e-flex e-con e-parent\" data-id=\"0f3a2a0\" data-element_type=\"container\" data-e-type=\"container\">\n\t\t<div class=\"elementor-element elementor-element-1799d6d e-con-full e-flex e-con e-child\" data-id=\"1799d6d\" data-element_type=\"container\" data-e-type=\"container\">\n\t\t\t\t<div class=\"elementor-element elementor-element-6c28a76 elementor-widget elementor-widget-text-editor\" data-id=\"6c28a76\" data-element_type=\"widget\" data-e-type=\"widget\" data-widget_type=\"text-editor.default\">\n\t\t\t\t\t\t\t\t\t<p><a href=\"#\">\u00ab\u00a0Concours\u00a0\u00bb<\/a><\/p>\t\t\t\t\t\t\t\t<\/div>\n\t\t\t\t<\/div>\n\t\t<div class=\"elementor-element elementor-element-0d71d42 e-con-full e-flex e-con e-child\" data-id=\"0d71d42\" data-element_type=\"container\" data-e-type=\"container\">\n\t\t\t\t<div class=\"elementor-element elementor-element-482ffd5 elementor-widget elementor-widget-text-editor\" data-id=\"482ffd5\" data-element_type=\"widget\" data-e-type=\"widget\" data-widget_type=\"text-editor.default\">\n\t\t\t\t\t\t\t\t\t<p><a href=\"#\">\u00ab\u00a0Concours\u00a0\u00bb<\/a><\/p>\t\t\t\t\t\t\t\t<\/div>\n\t\t\t\t<\/div>\n\t\t<div class=\"elementor-element elementor-element-6683bef e-con-full e-flex e-con e-child\" data-id=\"6683bef\" data-element_type=\"container\" data-e-type=\"container\">\n\t\t\t\t<div class=\"elementor-element elementor-element-3929f53 elementor-widget elementor-widget-text-editor\" data-id=\"3929f53\" data-element_type=\"widget\" data-e-type=\"widget\" data-widget_type=\"text-editor.default\">\n\t\t\t\t\t\t\t\t\t<p><a href=\"#\">\u00ab\u00a0Concours\u00a0\u00bb<\/a><\/p>\t\t\t\t\t\t\t\t<\/div>\n\t\t\t\t<\/div>\n\t\t<div class=\"elementor-element elementor-element-8a28f1c e-con-full e-flex e-con e-child\" data-id=\"8a28f1c\" data-element_type=\"container\" data-e-type=\"container\">\n\t\t\t\t<div class=\"elementor-element elementor-element-cce8247 elementor-widget elementor-widget-text-editor\" data-id=\"cce8247\" data-element_type=\"widget\" data-e-type=\"widget\" data-widget_type=\"text-editor.default\">\n\t\t\t\t\t\t\t\t\t<p><a href=\"#\">\u00ab\u00a0Concours\u00a0\u00bb<\/a><\/p>\t\t\t\t\t\t\t\t<\/div>\n\t\t\t\t<\/div>\n\t\t\t\t<\/div>\n\t\t\t\t<\/div>\n\t\t","protected":false},"excerpt":{"rendered":"<p>R\u00e9sultats Vieux (\u00e2g\u00e9 de deux ans ou plus) \u00ab\u00a0Concours\u00a0\u00bb \u00ab\u00a0Concours\u00a0\u00bb \u00ab\u00a0Concours\u00a0\u00bb \u00ab\u00a0Concours\u00a0\u00bb<\/p>\n","protected":false},"author":1,"featured_media":0,"parent":0,"menu_order":0,"comment_status":"closed","ping_status":"closed","template":"","meta":{"footnotes":""},"class_list":["post-270","page","type-page","status-publish","hentry","entry"],"yoast_head":"<!-- This site is optimized with the Yoast SEO plugin v27.3 - https:\/\/yoast.com\/product\/yoast-seo-wordpress\/ -->\n<title>Vieux - Entente Colombophile<\/title>\n<meta name=\"robots\" content=\"index, follow, max-snippet:-1, max-image-preview:large, max-video-preview:-1\" \/>\n<link rel=\"canonical\" href=\"https:\/\/colombophile62500.fr\/index.php\/vieux-3\/\" \/>\n<meta property=\"og:locale\" content=\"fr_FR\" \/>\n<meta property=\"og:type\" content=\"article\" \/>\n<meta property=\"og:title\" content=\"Vieux - Entente Colombophile\" \/>\n<meta property=\"og:description\" content=\"R\u00e9sultats Vieux (\u00e2g\u00e9 de deux ans ou plus) \u00ab\u00a0Concours\u00a0\u00bb \u00ab\u00a0Concours\u00a0\u00bb \u00ab\u00a0Concours\u00a0\u00bb \u00ab\u00a0Concours\u00a0\u00bb\" \/>\n<meta property=\"og:url\" content=\"https:\/\/colombophile62500.fr\/index.php\/vieux-3\/\" \/>\n<meta property=\"og:site_name\" content=\"Entente Colombophile\" \/>\n<meta property=\"article:modified_time\" content=\"2026-04-01T08:16:54+00:00\" \/>\n<meta name=\"twitter:card\" content=\"summary_large_image\" \/>\n<meta name=\"twitter:label1\" content=\"Dur\u00e9e de lecture estim\u00e9e\" \/>\n\t<meta name=\"twitter:data1\" content=\"1 minute\" \/>\n<script type=\"application\/ld+json\" class=\"yoast-schema-graph\">{\"@context\":\"https:\\\/\\\/schema.org\",\"@graph\":[{\"@type\":\"WebPage\",\"@id\":\"https:\\\/\\\/colombophile62500.fr\\\/index.php\\\/vieux-3\\\/\",\"url\":\"https:\\\/\\\/colombophile62500.fr\\\/index.php\\\/vieux-3\\\/\",\"name\":\"Vieux - Entente Colombophile\",\"isPartOf\":{\"@id\":\"https:\\\/\\\/colombophile62500.fr\\\/#website\"},\"datePublished\":\"2025-12-11T13:16:24+00:00\",\"dateModified\":\"2026-04-01T08:16:54+00:00\",\"breadcrumb\":{\"@id\":\"https:\\\/\\\/colombophile62500.fr\\\/index.php\\\/vieux-3\\\/#breadcrumb\"},\"inLanguage\":\"fr-FR\",\"potentialAction\":[{\"@type\":\"ReadAction\",\"target\":[\"https:\\\/\\\/colombophile62500.fr\\\/index.php\\\/vieux-3\\\/\"]}]},{\"@type\":\"BreadcrumbList\",\"@id\":\"https:\\\/\\\/colombophile62500.fr\\\/index.php\\\/vieux-3\\\/#breadcrumb\",\"itemListElement\":[{\"@type\":\"ListItem\",\"position\":1,\"name\":\"Accueil\",\"item\":\"https:\\\/\\\/colombophile62500.fr\\\/\"},{\"@type\":\"ListItem\",\"position\":2,\"name\":\"Vieux\"}]},{\"@type\":\"WebSite\",\"@id\":\"https:\\\/\\\/colombophile62500.fr\\\/#website\",\"url\":\"https:\\\/\\\/colombophile62500.fr\\\/\",\"name\":\"Entente Colombophile\",\"description\":\"\",\"potentialAction\":[{\"@type\":\"SearchAction\",\"target\":{\"@type\":\"EntryPoint\",\"urlTemplate\":\"https:\\\/\\\/colombophile62500.fr\\\/?s={search_term_string}\"},\"query-input\":{\"@type\":\"PropertyValueSpecification\",\"valueRequired\":true,\"valueName\":\"search_term_string\"}}],\"inLanguage\":\"fr-FR\"}]}<\/script>\n<!-- \/ Yoast SEO plugin. -->","yoast_head_json":{"title":"Vieux - Entente Colombophile","robots":{"index":"index","follow":"follow","max-snippet":"max-snippet:-1","max-image-preview":"max-image-preview:large","max-video-preview":"max-video-preview:-1"},"canonical":"https:\/\/colombophile62500.fr\/index.php\/vieux-3\/","og_locale":"fr_FR","og_type":"article","og_title":"Vieux - Entente Colombophile","og_description":"R\u00e9sultats Vieux (\u00e2g\u00e9 de deux ans ou plus) \u00ab\u00a0Concours\u00a0\u00bb \u00ab\u00a0Concours\u00a0\u00bb \u00ab\u00a0Concours\u00a0\u00bb \u00ab\u00a0Concours\u00a0\u00bb","og_url":"https:\/\/colombophile62500.fr\/index.php\/vieux-3\/","og_site_name":"Entente Colombophile","article_modified_time":"2026-04-01T08:16:54+00:00","twitter_card":"summary_large_image","twitter_misc":{"Dur\u00e9e de lecture estim\u00e9e":"1 minute"},"schema":{"@context":"https:\/\/schema.org","@graph":[{"@type":"WebPage","@id":"https:\/\/colombophile62500.fr\/index.php\/vieux-3\/","url":"https:\/\/colombophile62500.fr\/index.php\/vieux-3\/","name":"Vieux - Entente Colombophile","isPartOf":{"@id":"https:\/\/colombophile62500.fr\/#website"},"datePublished":"2025-12-11T13:16:24+00:00","dateModified":"2026-04-01T08:16:54+00:00","breadcrumb":{"@id":"https:\/\/colombophile62500.fr\/index.php\/vieux-3\/#breadcrumb"},"inLanguage":"fr-FR","potentialAction":[{"@type":"ReadAction","target":["https:\/\/colombophile62500.fr\/index.php\/vieux-3\/"]}]},{"@type":"BreadcrumbList","@id":"https:\/\/colombophile62500.fr\/index.php\/vieux-3\/#breadcrumb","itemListElement":[{"@type":"ListItem","position":1,"name":"Accueil","item":"https:\/\/colombophile62500.fr\/"},{"@type":"ListItem","position":2,"name":"Vieux"}]},{"@type":"WebSite","@id":"https:\/\/colombophile62500.fr\/#website","url":"https:\/\/colombophile62500.fr\/","name":"Entente Colombophile","description":"","potentialAction":[{"@type":"SearchAction","target":{"@type":"EntryPoint","urlTemplate":"https:\/\/colombophile62500.fr\/?s={search_term_string}"},"query-input":{"@type":"PropertyValueSpecification","valueRequired":true,"valueName":"search_term_string"}}],"inLanguage":"fr-FR"}]}},"_links":{"self":[{"href":"https:\/\/colombophile62500.fr\/index.php\/wp-json\/wp\/v2\/pages\/270","targetHints":{"allow":["GET"]}}],"collection":[{"href":"https:\/\/colombophile62500.fr\/index.php\/wp-json\/wp\/v2\/pages"}],"about":[{"href":"https:\/\/colombophile62500.fr\/index.php\/wp-json\/wp\/v2\/types\/page"}],"author":[{"embeddable":true,"href":"https:\/\/colombophile62500.fr\/index.php\/wp-json\/wp\/v2\/users\/1"}],"replies":[{"embeddable":true,"href":"https:\/\/colombophile62500.fr\/index.php\/wp-json\/wp\/v2\/comments?post=270"}],"version-history":[{"count":19,"href":"https:\/\/colombophile62500.fr\/index.php\/wp-json\/wp\/v2\/pages\/270\/revisions"}],"predecessor-version":[{"id":1127,"href":"https:\/\/colombophile62500.fr\/index.php\/wp-json\/wp\/v2\/pages\/270\/revisions\/1127"}],"wp:attachment":[{"href":"https:\/\/colombophile62500.fr\/index.php\/wp-json\/wp\/v2\/media?parent=270"}],"curies":[{"name":"wp","href":"https:\/\/api.w.org\/{rel}","templated":true}]}}