{"id":23,"date":"2025-12-10T09:06:37","date_gmt":"2025-12-10T08:06:37","guid":{"rendered":"https:\/\/colombophile62500.fr\/?page_id=23"},"modified":"2026-01-14T10:51:36","modified_gmt":"2026-01-14T09:51:36","slug":"mentions-legales","status":"publish","type":"page","link":"https:\/\/colombophile62500.fr\/index.php\/mentions-legales\/","title":{"rendered":"Mentions L\u00e9gales"},"content":{"rendered":"\t\t<div data-elementor-type=\"wp-page\" data-elementor-id=\"23\" class=\"elementor elementor-23\">\n\t\t\t\t<div class=\"elementor-element elementor-element-3da0f152 e-con-full e-flex e-con e-parent\" data-id=\"3da0f152\" data-element_type=\"container\" data-e-type=\"container\">\n\t\t\t\t<div class=\"elementor-element elementor-element-5aba3c55 elementor-widget elementor-widget-text-editor\" data-id=\"5aba3c55\" data-element_type=\"widget\" data-e-type=\"widget\" data-widget_type=\"text-editor.default\">\n\t\t\t\t\t\t\t\t\t\n<h3 class=\"wp-block-heading\">1. Mentions L\u00e9gales<\/h3>\n\n<p><strong>\u00c9DITEUR DU SITE<\/strong> Le site <code>https:\/\/colombophile62500.fr<\/code> est \u00e9dit\u00e9 par :<\/p>\n\n<ul class=\"wp-block-list\">\n<li><strong>Nom\/Raison sociale :<\/strong> Entente Colombophile Saint-Omer\/Saint-Martin-lez-Tatinghem<\/li>\n\n<li><strong>Statut :<\/strong> [Ex: Particulier \/ Association Loi 1901]<\/li>\n\n<li><strong>Si\u00e8ge social :<\/strong> [Votre Adresse, ex: Saint-Omer, 62500]<\/li>\n\n<li><strong>Directeur de la publication :<\/strong> [Votre Nom]<\/li>\n\n<li><strong>Contact :<\/strong> eric.ghee@orange.fr ou via le formulaire de contact du site.<\/li>\n<\/ul>\n\n<p><strong>H\u00c9BERGEMENT<\/strong> Le site est h\u00e9berg\u00e9 par :<\/p>\n\n<ul class=\"wp-block-list\">\n<li><strong>H\u00e9bergeur :<\/strong> OVH<\/li>\n\n<li><strong>Adresse :<\/strong> \u00a02, rue Kellermann, 59100 Roubaix.<\/li>\n\n<li><strong>Site Web :<\/strong> <a href=\"https:\/\/manager.eu.ovhcloud.com\/#\/hub\/\">https:\/\/manager.eu.ovhcloud.com\/#\/hub\/<\/a><\/li>\n<\/ul>\n\n<p><strong>PROPRI\u00c9T\u00c9 INTELLECTUELLE<\/strong> L\u2019ensemble de ce site rel\u00e8ve de la l\u00e9gislation fran\u00e7aise et internationale sur le droit d\u2019auteur et la propri\u00e9t\u00e9 intellectuelle. Tous les droits de reproduction sont r\u00e9serv\u00e9s, y compris pour les documents t\u00e9l\u00e9chargeables et les repr\u00e9sentations iconographiques et photographiques. La reproduction de tout ou partie de ce site sur un support \u00e9lectronique quel qu\u2019il soit est formellement interdite sauf autorisation expresse du directeur de la publication.<\/p>\n\n<p>\u00a0<\/p>\n\n<h3 class=\"wp-block-heading\">Politique de Confidentialit\u00e9 et Cookies<\/h3>\n\n<p><strong>PROTECTION DES DONN\u00c9ES PERSONNELLES (RGPD)<\/strong> Conform\u00e9ment au R\u00e8glement G\u00e9n\u00e9ral sur la Protection des Donn\u00e9es (RGPD), les informations collect\u00e9es via le formulaire de contact (nom, email) sont utilis\u00e9es exclusivement pour r\u00e9pondre \u00e0 vos demandes.<\/p>\n\n<ul class=\"wp-block-list\">\n<li><strong>Finalit\u00e9 :<\/strong> Gestion de la relation utilisateur.<\/li>\n\n<li><strong>Dur\u00e9e de conservation :<\/strong> Les donn\u00e9es sont conserv\u00e9es pendant une dur\u00e9e maximale de 6 \u00e0 12mois apr\u00e8s le dernier contact.<\/li>\n\n<li><strong>Vos droits :<\/strong> Vous disposez d&rsquo;un droit d&rsquo;acc\u00e8s, de rectification et de suppression de vos donn\u00e9es. Pour l&rsquo;exercer, contactez-nous \u00e0 : eric.ghee@orange.fr<\/li>\n<\/ul>\n\n<p><strong>GESTION DES COOKIES<\/strong> Le site <code>https:\/\/colombophile62500.fr<\/code> utilise des cookies pour am\u00e9liorer l&rsquo;exp\u00e9rience utilisateur et r\u00e9aliser des statistiques de visites.<\/p>\n\n<p><strong>Qu&rsquo;est-ce qu&rsquo;un cookie ?<\/strong> Un cookie est un petit fichier texte d\u00e9pos\u00e9 sur votre ordinateur lors de la visite d&rsquo;un site.<\/p>\n\n<p><strong>Types de cookies utilis\u00e9s :<\/strong><\/p>\n\n<ol class=\"wp-block-list\" start=\"1\">\n<li><strong>Cookies techniques (obligatoires) :<\/strong> N\u00e9cessaires au bon fonctionnement du site (session, s\u00e9curit\u00e9).<\/li>\n\n<li><strong>Cookies de mesure d&rsquo;audience (Optionnel) :<\/strong> Permettent de savoir quelles pages sont consult\u00e9es (ex: Google Analytics).<\/li>\n\n<li><strong>Cookies tiers :<\/strong> Li\u00e9s aux r\u00e9seaux sociaux ou vid\u00e9os (si vous partagez des contenus).<\/li>\n<\/ol>\n\n<p><strong>Comment param\u00e9trer vos cookies ?<\/strong> Lors de votre premi\u00e8re visite, un bandeau vous demande votre consentement. Vous pouvez \u00e0 tout moment modifier vos choix via les r\u00e9glages de votre navigateur :<\/p>\n\n<ul class=\"wp-block-list\">\n<li><strong>Chrome :<\/strong> Menu &gt; Param\u00e8tres &gt; Confidentialit\u00e9 et s\u00e9curit\u00e9.<\/li>\n\n<li><strong>Firefox :<\/strong> Menu &gt; Options &gt; Vie priv\u00e9e et s\u00e9curit\u00e9.<\/li>\n<\/ul>\n\n<p>\u00a0<\/p>\n\t\t\t\t\t\t\t\t<\/div>\n\t\t\t\t<\/div>\n\t\t\t\t<\/div>\n\t\t","protected":false},"excerpt":{"rendered":"<p>1. Mentions L\u00e9gales \u00c9DITEUR DU SITE Le site https:\/\/colombophile62500.fr est \u00e9dit\u00e9 par : H\u00c9BERGEMENT Le site est h\u00e9berg\u00e9 par : PROPRI\u00c9T\u00c9 INTELLECTUELLE L\u2019ensemble de ce site rel\u00e8ve de la l\u00e9gislation fran\u00e7aise et internationale sur le droit d\u2019auteur et la propri\u00e9t\u00e9 intellectuelle. Tous les droits de reproduction sont r\u00e9serv\u00e9s, y compris pour les documents t\u00e9l\u00e9chargeables et [&hellip;]<\/p>\n","protected":false},"author":1,"featured_media":0,"parent":0,"menu_order":0,"comment_status":"closed","ping_status":"closed","template":"","meta":{"footnotes":""},"class_list":["post-23","page","type-page","status-publish","hentry","entry"],"yoast_head":"<!-- This site is optimized with the Yoast SEO plugin v27.3 - https:\/\/yoast.com\/product\/yoast-seo-wordpress\/ -->\n<title>Mentions L\u00e9gales - Entente Colombophile<\/title>\n<meta name=\"robots\" content=\"index, follow, max-snippet:-1, max-image-preview:large, max-video-preview:-1\" \/>\n<link rel=\"canonical\" href=\"https:\/\/colombophile62500.fr\/index.php\/mentions-legales\/\" \/>\n<meta property=\"og:locale\" content=\"fr_FR\" \/>\n<meta property=\"og:type\" content=\"article\" \/>\n<meta property=\"og:title\" content=\"Mentions L\u00e9gales - Entente Colombophile\" \/>\n<meta property=\"og:description\" content=\"1. Mentions L\u00e9gales \u00c9DITEUR DU SITE Le site https:\/\/colombophile62500.fr est \u00e9dit\u00e9 par : H\u00c9BERGEMENT Le site est h\u00e9berg\u00e9 par : PROPRI\u00c9T\u00c9 INTELLECTUELLE L\u2019ensemble de ce site rel\u00e8ve de la l\u00e9gislation fran\u00e7aise et internationale sur le droit d\u2019auteur et la propri\u00e9t\u00e9 intellectuelle. Tous les droits de reproduction sont r\u00e9serv\u00e9s, y compris pour les documents t\u00e9l\u00e9chargeables et [&hellip;]\" \/>\n<meta property=\"og:url\" content=\"https:\/\/colombophile62500.fr\/index.php\/mentions-legales\/\" \/>\n<meta property=\"og:site_name\" content=\"Entente Colombophile\" \/>\n<meta property=\"article:modified_time\" content=\"2026-01-14T09:51:36+00:00\" \/>\n<meta name=\"twitter:card\" content=\"summary_large_image\" \/>\n<meta name=\"twitter:label1\" content=\"Dur\u00e9e de lecture estim\u00e9e\" \/>\n\t<meta name=\"twitter:data1\" content=\"2 minutes\" \/>\n<script type=\"application\/ld+json\" class=\"yoast-schema-graph\">{\"@context\":\"https:\\\/\\\/schema.org\",\"@graph\":[{\"@type\":\"WebPage\",\"@id\":\"https:\\\/\\\/colombophile62500.fr\\\/index.php\\\/mentions-legales\\\/\",\"url\":\"https:\\\/\\\/colombophile62500.fr\\\/index.php\\\/mentions-legales\\\/\",\"name\":\"Mentions L\u00e9gales - Entente Colombophile\",\"isPartOf\":{\"@id\":\"https:\\\/\\\/colombophile62500.fr\\\/#website\"},\"datePublished\":\"2025-12-10T08:06:37+00:00\",\"dateModified\":\"2026-01-14T09:51:36+00:00\",\"breadcrumb\":{\"@id\":\"https:\\\/\\\/colombophile62500.fr\\\/index.php\\\/mentions-legales\\\/#breadcrumb\"},\"inLanguage\":\"fr-FR\",\"potentialAction\":[{\"@type\":\"ReadAction\",\"target\":[\"https:\\\/\\\/colombophile62500.fr\\\/index.php\\\/mentions-legales\\\/\"]}]},{\"@type\":\"BreadcrumbList\",\"@id\":\"https:\\\/\\\/colombophile62500.fr\\\/index.php\\\/mentions-legales\\\/#breadcrumb\",\"itemListElement\":[{\"@type\":\"ListItem\",\"position\":1,\"name\":\"Accueil\",\"item\":\"https:\\\/\\\/colombophile62500.fr\\\/\"},{\"@type\":\"ListItem\",\"position\":2,\"name\":\"Mentions L\u00e9gales\"}]},{\"@type\":\"WebSite\",\"@id\":\"https:\\\/\\\/colombophile62500.fr\\\/#website\",\"url\":\"https:\\\/\\\/colombophile62500.fr\\\/\",\"name\":\"Entente Colombophile\",\"description\":\"\",\"potentialAction\":[{\"@type\":\"SearchAction\",\"target\":{\"@type\":\"EntryPoint\",\"urlTemplate\":\"https:\\\/\\\/colombophile62500.fr\\\/?s={search_term_string}\"},\"query-input\":{\"@type\":\"PropertyValueSpecification\",\"valueRequired\":true,\"valueName\":\"search_term_string\"}}],\"inLanguage\":\"fr-FR\"}]}<\/script>\n<!-- \/ Yoast SEO plugin. -->","yoast_head_json":{"title":"Mentions L\u00e9gales - Entente Colombophile","robots":{"index":"index","follow":"follow","max-snippet":"max-snippet:-1","max-image-preview":"max-image-preview:large","max-video-preview":"max-video-preview:-1"},"canonical":"https:\/\/colombophile62500.fr\/index.php\/mentions-legales\/","og_locale":"fr_FR","og_type":"article","og_title":"Mentions L\u00e9gales - Entente Colombophile","og_description":"1. Mentions L\u00e9gales \u00c9DITEUR DU SITE Le site https:\/\/colombophile62500.fr est \u00e9dit\u00e9 par : H\u00c9BERGEMENT Le site est h\u00e9berg\u00e9 par : PROPRI\u00c9T\u00c9 INTELLECTUELLE L\u2019ensemble de ce site rel\u00e8ve de la l\u00e9gislation fran\u00e7aise et internationale sur le droit d\u2019auteur et la propri\u00e9t\u00e9 intellectuelle. Tous les droits de reproduction sont r\u00e9serv\u00e9s, y compris pour les documents t\u00e9l\u00e9chargeables et [&hellip;]","og_url":"https:\/\/colombophile62500.fr\/index.php\/mentions-legales\/","og_site_name":"Entente Colombophile","article_modified_time":"2026-01-14T09:51:36+00:00","twitter_card":"summary_large_image","twitter_misc":{"Dur\u00e9e de lecture estim\u00e9e":"2 minutes"},"schema":{"@context":"https:\/\/schema.org","@graph":[{"@type":"WebPage","@id":"https:\/\/colombophile62500.fr\/index.php\/mentions-legales\/","url":"https:\/\/colombophile62500.fr\/index.php\/mentions-legales\/","name":"Mentions L\u00e9gales - Entente Colombophile","isPartOf":{"@id":"https:\/\/colombophile62500.fr\/#website"},"datePublished":"2025-12-10T08:06:37+00:00","dateModified":"2026-01-14T09:51:36+00:00","breadcrumb":{"@id":"https:\/\/colombophile62500.fr\/index.php\/mentions-legales\/#breadcrumb"},"inLanguage":"fr-FR","potentialAction":[{"@type":"ReadAction","target":["https:\/\/colombophile62500.fr\/index.php\/mentions-legales\/"]}]},{"@type":"BreadcrumbList","@id":"https:\/\/colombophile62500.fr\/index.php\/mentions-legales\/#breadcrumb","itemListElement":[{"@type":"ListItem","position":1,"name":"Accueil","item":"https:\/\/colombophile62500.fr\/"},{"@type":"ListItem","position":2,"name":"Mentions L\u00e9gales"}]},{"@type":"WebSite","@id":"https:\/\/colombophile62500.fr\/#website","url":"https:\/\/colombophile62500.fr\/","name":"Entente Colombophile","description":"","potentialAction":[{"@type":"SearchAction","target":{"@type":"EntryPoint","urlTemplate":"https:\/\/colombophile62500.fr\/?s={search_term_string}"},"query-input":{"@type":"PropertyValueSpecification","valueRequired":true,"valueName":"search_term_string"}}],"inLanguage":"fr-FR"}]}},"_links":{"self":[{"href":"https:\/\/colombophile62500.fr\/index.php\/wp-json\/wp\/v2\/pages\/23","targetHints":{"allow":["GET"]}}],"collection":[{"href":"https:\/\/colombophile62500.fr\/index.php\/wp-json\/wp\/v2\/pages"}],"about":[{"href":"https:\/\/colombophile62500.fr\/index.php\/wp-json\/wp\/v2\/types\/page"}],"author":[{"embeddable":true,"href":"https:\/\/colombophile62500.fr\/index.php\/wp-json\/wp\/v2\/users\/1"}],"replies":[{"embeddable":true,"href":"https:\/\/colombophile62500.fr\/index.php\/wp-json\/wp\/v2\/comments?post=23"}],"version-history":[{"count":5,"href":"https:\/\/colombophile62500.fr\/index.php\/wp-json\/wp\/v2\/pages\/23\/revisions"}],"predecessor-version":[{"id":703,"href":"https:\/\/colombophile62500.fr\/index.php\/wp-json\/wp\/v2\/pages\/23\/revisions\/703"}],"wp:attachment":[{"href":"https:\/\/colombophile62500.fr\/index.php\/wp-json\/wp\/v2\/media?parent=23"}],"curies":[{"name":"wp","href":"https:\/\/api.w.org\/{rel}","templated":true}]}}