{"id":197,"date":"2025-12-11T10:29:12","date_gmt":"2025-12-11T09:29:12","guid":{"rendered":"https:\/\/colombophile62500.fr\/?page_id=197"},"modified":"2026-04-01T09:19:53","modified_gmt":"2026-04-01T08:19:53","slug":"vieux","status":"publish","type":"page","link":"https:\/\/colombophile62500.fr\/index.php\/vieux\/","title":{"rendered":"Vieux"},"content":{"rendered":"\t\t<div data-elementor-type=\"wp-page\" data-elementor-id=\"197\" class=\"elementor elementor-197\">\n\t\t\t\t<div class=\"elementor-element elementor-element-99c3e2b e-con-full e-flex e-con e-parent\" data-id=\"99c3e2b\" data-element_type=\"container\" data-e-type=\"container\">\n\t\t\t\t<div class=\"elementor-element elementor-element-d22f622 elementor-widget elementor-widget-heading\" data-id=\"d22f622\" data-element_type=\"widget\" data-e-type=\"widget\" data-widget_type=\"heading.default\">\n\t\t\t\t\t<h2 class=\"elementor-heading-title elementor-size-default\">R\u00e9sultats Vieux (\u00e2g\u00e9 de deux ans ou plus)<\/h2>\t\t\t\t<\/div>\n\t\t\t\t<\/div>\n\t\t<div class=\"elementor-element elementor-element-b365763 e-con-full e-flex e-con e-parent\" data-id=\"b365763\" data-element_type=\"container\" data-e-type=\"container\">\n\t\t<div class=\"elementor-element elementor-element-a4379a2 e-con-full e-flex e-con e-child\" data-id=\"a4379a2\" data-element_type=\"container\" data-e-type=\"container\">\n\t\t\t\t<div class=\"elementor-element elementor-element-18ee69c elementor-widget elementor-widget-text-editor\" data-id=\"18ee69c\" data-element_type=\"widget\" data-e-type=\"widget\" data-widget_type=\"text-editor.default\">\n\t\t\t\t\t\t\t\t\t<p>\u00ab\u00a0<a href=\"https:\/\/colombophile62500.fr\/wp-content\/uploads\/2025\/12\/unnamed.pdf\">Concours 2025&Prime;<\/a><\/p><p><a href=\"https:\/\/colombophile62500.fr\/wp-content\/uploads\/2025\/12\/Vos-mentions-legales.pdf\" target=\"_blank\" rel=\"noopener\">\u00ab\u00a0Ev\u00e8nement 2024\u00a0\u00bb\u00a0<\/a><\/p>\t\t\t\t\t\t\t\t<\/div>\n\t\t\t\t<\/div>\n\t\t<div class=\"elementor-element elementor-element-09fbe03 e-con-full e-flex e-con e-child\" data-id=\"09fbe03\" data-element_type=\"container\" data-e-type=\"container\">\n\t\t\t\t<div class=\"elementor-element elementor-element-c41af86 elementor-widget elementor-widget-text-editor\" data-id=\"c41af86\" data-element_type=\"widget\" data-e-type=\"widget\" data-widget_type=\"text-editor.default\">\n\t\t\t\t\t\t\t\t\t<p><a href=\"https:\/\/colombophile62500.fr\/wp-content\/uploads\/2025\/12\/unnamed.pdf\">\u00ab\u00a0Concours 2025\u00a0\u00bb<\/a><\/p><p><a href=\"https:\/\/colombophile62500.fr\/wp-content\/uploads\/2025\/12\/Vos-mentions-legales.pdf\" target=\"_blank\" rel=\"noopener\">\u00ab\u00a0Ev\u00e8nement 2024\u00a0\u00bb<\/a><\/p>\t\t\t\t\t\t\t\t<\/div>\n\t\t\t\t<\/div>\n\t\t<div class=\"elementor-element elementor-element-0b619f4 e-con-full e-flex e-con e-child\" data-id=\"0b619f4\" data-element_type=\"container\" data-e-type=\"container\">\n\t\t\t\t<div class=\"elementor-element elementor-element-96e4c21 elementor-widget elementor-widget-text-editor\" data-id=\"96e4c21\" data-element_type=\"widget\" data-e-type=\"widget\" data-widget_type=\"text-editor.default\">\n\t\t\t\t\t\t\t\t\t<p>\u00ab\u00a0<a href=\"#\">Concours 2025&Prime;<\/a><\/p><p><a href=\"https:\/\/colombophile62500.fr\/wp-content\/uploads\/2025\/12\/Vos-mentions-legales.pdf\" target=\"_blank\" rel=\"noopener\">\u00ab\u00a0Ev\u00e8nement 2024\u00a0\u00bb\u00a0<\/a><\/p>\t\t\t\t\t\t\t\t<\/div>\n\t\t\t\t<\/div>\n\t\t<div class=\"elementor-element elementor-element-1f8f763 e-con-full e-flex e-con e-child\" data-id=\"1f8f763\" data-element_type=\"container\" data-e-type=\"container\">\n\t\t\t\t<div class=\"elementor-element elementor-element-da8d349 elementor-widget elementor-widget-text-editor\" data-id=\"da8d349\" data-element_type=\"widget\" data-e-type=\"widget\" data-widget_type=\"text-editor.default\">\n\t\t\t\t\t\t\t\t\t<p>\u00ab\u00a0<a href=\"#\">Concours 2025&Prime;<\/a><\/p><p><a href=\"#\" target=\"_blank\" rel=\"noopener\">\u00ab\u00a0Ev\u00e8nement 2024\u00a0\u00bb\u00a0<\/a><\/p>\t\t\t\t\t\t\t\t<\/div>\n\t\t\t\t<\/div>\n\t\t\t\t<\/div>\n\t\t<div class=\"elementor-element elementor-element-ab1857e e-con-full e-flex e-con e-parent\" data-id=\"ab1857e\" data-element_type=\"container\" data-e-type=\"container\">\n\t\t\t\t<\/div>\n\t\t\t\t<\/div>\n\t\t","protected":false},"excerpt":{"rendered":"<p>R\u00e9sultats Vieux (\u00e2g\u00e9 de deux ans ou plus) \u00ab\u00a0Concours 2025&Prime; \u00ab\u00a0Ev\u00e8nement 2024\u00a0\u00bb\u00a0 \u00ab\u00a0Concours 2025\u00a0\u00bb \u00ab\u00a0Ev\u00e8nement 2024\u00a0\u00bb \u00ab\u00a0Concours 2025&Prime; \u00ab\u00a0Ev\u00e8nement 2024\u00a0\u00bb\u00a0 \u00ab\u00a0Concours 2025&Prime; \u00ab\u00a0Ev\u00e8nement 2024\u00a0\u00bb\u00a0<\/p>\n","protected":false},"author":1,"featured_media":0,"parent":0,"menu_order":0,"comment_status":"closed","ping_status":"closed","template":"","meta":{"footnotes":""},"class_list":["post-197","page","type-page","status-publish","hentry","entry"],"yoast_head":"<!-- This site is optimized with the Yoast SEO plugin v27.3 - https:\/\/yoast.com\/product\/yoast-seo-wordpress\/ -->\n<title>Vieux - Entente Colombophile<\/title>\n<meta name=\"robots\" content=\"index, follow, max-snippet:-1, max-image-preview:large, max-video-preview:-1\" \/>\n<link rel=\"canonical\" href=\"https:\/\/colombophile62500.fr\/index.php\/vieux\/\" \/>\n<meta property=\"og:locale\" content=\"fr_FR\" \/>\n<meta property=\"og:type\" content=\"article\" \/>\n<meta property=\"og:title\" content=\"Vieux - Entente Colombophile\" \/>\n<meta property=\"og:description\" content=\"R\u00e9sultats Vieux (\u00e2g\u00e9 de deux ans ou plus) \u00ab\u00a0Concours 2025&Prime; \u00ab\u00a0Ev\u00e8nement 2024\u00a0\u00bb\u00a0 \u00ab\u00a0Concours 2025\u00a0\u00bb \u00ab\u00a0Ev\u00e8nement 2024\u00a0\u00bb \u00ab\u00a0Concours 2025&Prime; \u00ab\u00a0Ev\u00e8nement 2024\u00a0\u00bb\u00a0 \u00ab\u00a0Concours 2025&Prime; \u00ab\u00a0Ev\u00e8nement 2024\u00a0\u00bb\u00a0\" \/>\n<meta property=\"og:url\" content=\"https:\/\/colombophile62500.fr\/index.php\/vieux\/\" \/>\n<meta property=\"og:site_name\" content=\"Entente Colombophile\" \/>\n<meta property=\"article:modified_time\" content=\"2026-04-01T08:19:53+00:00\" \/>\n<meta name=\"twitter:card\" content=\"summary_large_image\" \/>\n<meta name=\"twitter:label1\" content=\"Dur\u00e9e de lecture estim\u00e9e\" \/>\n\t<meta name=\"twitter:data1\" content=\"1 minute\" \/>\n<script type=\"application\/ld+json\" class=\"yoast-schema-graph\">{\"@context\":\"https:\\\/\\\/schema.org\",\"@graph\":[{\"@type\":\"WebPage\",\"@id\":\"https:\\\/\\\/colombophile62500.fr\\\/index.php\\\/vieux\\\/\",\"url\":\"https:\\\/\\\/colombophile62500.fr\\\/index.php\\\/vieux\\\/\",\"name\":\"Vieux - Entente Colombophile\",\"isPartOf\":{\"@id\":\"https:\\\/\\\/colombophile62500.fr\\\/#website\"},\"datePublished\":\"2025-12-11T09:29:12+00:00\",\"dateModified\":\"2026-04-01T08:19:53+00:00\",\"breadcrumb\":{\"@id\":\"https:\\\/\\\/colombophile62500.fr\\\/index.php\\\/vieux\\\/#breadcrumb\"},\"inLanguage\":\"fr-FR\",\"potentialAction\":[{\"@type\":\"ReadAction\",\"target\":[\"https:\\\/\\\/colombophile62500.fr\\\/index.php\\\/vieux\\\/\"]}]},{\"@type\":\"BreadcrumbList\",\"@id\":\"https:\\\/\\\/colombophile62500.fr\\\/index.php\\\/vieux\\\/#breadcrumb\",\"itemListElement\":[{\"@type\":\"ListItem\",\"position\":1,\"name\":\"Accueil\",\"item\":\"https:\\\/\\\/colombophile62500.fr\\\/\"},{\"@type\":\"ListItem\",\"position\":2,\"name\":\"Vieux\"}]},{\"@type\":\"WebSite\",\"@id\":\"https:\\\/\\\/colombophile62500.fr\\\/#website\",\"url\":\"https:\\\/\\\/colombophile62500.fr\\\/\",\"name\":\"Entente Colombophile\",\"description\":\"\",\"potentialAction\":[{\"@type\":\"SearchAction\",\"target\":{\"@type\":\"EntryPoint\",\"urlTemplate\":\"https:\\\/\\\/colombophile62500.fr\\\/?s={search_term_string}\"},\"query-input\":{\"@type\":\"PropertyValueSpecification\",\"valueRequired\":true,\"valueName\":\"search_term_string\"}}],\"inLanguage\":\"fr-FR\"}]}<\/script>\n<!-- \/ Yoast SEO plugin. -->","yoast_head_json":{"title":"Vieux - Entente Colombophile","robots":{"index":"index","follow":"follow","max-snippet":"max-snippet:-1","max-image-preview":"max-image-preview:large","max-video-preview":"max-video-preview:-1"},"canonical":"https:\/\/colombophile62500.fr\/index.php\/vieux\/","og_locale":"fr_FR","og_type":"article","og_title":"Vieux - Entente Colombophile","og_description":"R\u00e9sultats Vieux (\u00e2g\u00e9 de deux ans ou plus) \u00ab\u00a0Concours 2025&Prime; \u00ab\u00a0Ev\u00e8nement 2024\u00a0\u00bb\u00a0 \u00ab\u00a0Concours 2025\u00a0\u00bb \u00ab\u00a0Ev\u00e8nement 2024\u00a0\u00bb \u00ab\u00a0Concours 2025&Prime; \u00ab\u00a0Ev\u00e8nement 2024\u00a0\u00bb\u00a0 \u00ab\u00a0Concours 2025&Prime; \u00ab\u00a0Ev\u00e8nement 2024\u00a0\u00bb\u00a0","og_url":"https:\/\/colombophile62500.fr\/index.php\/vieux\/","og_site_name":"Entente Colombophile","article_modified_time":"2026-04-01T08:19:53+00:00","twitter_card":"summary_large_image","twitter_misc":{"Dur\u00e9e de lecture estim\u00e9e":"1 minute"},"schema":{"@context":"https:\/\/schema.org","@graph":[{"@type":"WebPage","@id":"https:\/\/colombophile62500.fr\/index.php\/vieux\/","url":"https:\/\/colombophile62500.fr\/index.php\/vieux\/","name":"Vieux - Entente Colombophile","isPartOf":{"@id":"https:\/\/colombophile62500.fr\/#website"},"datePublished":"2025-12-11T09:29:12+00:00","dateModified":"2026-04-01T08:19:53+00:00","breadcrumb":{"@id":"https:\/\/colombophile62500.fr\/index.php\/vieux\/#breadcrumb"},"inLanguage":"fr-FR","potentialAction":[{"@type":"ReadAction","target":["https:\/\/colombophile62500.fr\/index.php\/vieux\/"]}]},{"@type":"BreadcrumbList","@id":"https:\/\/colombophile62500.fr\/index.php\/vieux\/#breadcrumb","itemListElement":[{"@type":"ListItem","position":1,"name":"Accueil","item":"https:\/\/colombophile62500.fr\/"},{"@type":"ListItem","position":2,"name":"Vieux"}]},{"@type":"WebSite","@id":"https:\/\/colombophile62500.fr\/#website","url":"https:\/\/colombophile62500.fr\/","name":"Entente Colombophile","description":"","potentialAction":[{"@type":"SearchAction","target":{"@type":"EntryPoint","urlTemplate":"https:\/\/colombophile62500.fr\/?s={search_term_string}"},"query-input":{"@type":"PropertyValueSpecification","valueRequired":true,"valueName":"search_term_string"}}],"inLanguage":"fr-FR"}]}},"_links":{"self":[{"href":"https:\/\/colombophile62500.fr\/index.php\/wp-json\/wp\/v2\/pages\/197","targetHints":{"allow":["GET"]}}],"collection":[{"href":"https:\/\/colombophile62500.fr\/index.php\/wp-json\/wp\/v2\/pages"}],"about":[{"href":"https:\/\/colombophile62500.fr\/index.php\/wp-json\/wp\/v2\/types\/page"}],"author":[{"embeddable":true,"href":"https:\/\/colombophile62500.fr\/index.php\/wp-json\/wp\/v2\/users\/1"}],"replies":[{"embeddable":true,"href":"https:\/\/colombophile62500.fr\/index.php\/wp-json\/wp\/v2\/comments?post=197"}],"version-history":[{"count":22,"href":"https:\/\/colombophile62500.fr\/index.php\/wp-json\/wp\/v2\/pages\/197\/revisions"}],"predecessor-version":[{"id":1136,"href":"https:\/\/colombophile62500.fr\/index.php\/wp-json\/wp\/v2\/pages\/197\/revisions\/1136"}],"wp:attachment":[{"href":"https:\/\/colombophile62500.fr\/index.php\/wp-json\/wp\/v2\/media?parent=197"}],"curies":[{"name":"wp","href":"https:\/\/api.w.org\/{rel}","templated":true}]}}