{"id":17,"date":"2025-12-10T09:05:44","date_gmt":"2025-12-10T08:05:44","guid":{"rendered":"https:\/\/colombophile62500.fr\/?page_id=17"},"modified":"2026-04-01T08:10:14","modified_gmt":"2026-04-01T07:10:14","slug":"resultats","status":"publish","type":"page","link":"https:\/\/colombophile62500.fr\/index.php\/resultats\/","title":{"rendered":"R\u00e9sultats"},"content":{"rendered":"\t\t<div data-elementor-type=\"wp-page\" data-elementor-id=\"17\" class=\"elementor elementor-17\">\n\t\t\t\t<div class=\"elementor-element elementor-element-81db7ba e-con-full e-flex e-con e-parent\" data-id=\"81db7ba\" data-element_type=\"container\" data-e-type=\"container\">\n\t\t\t\t<div class=\"elementor-element elementor-element-8184bbf elementor-widget elementor-widget-heading\" data-id=\"8184bbf\" data-element_type=\"widget\" data-e-type=\"widget\" data-widget_type=\"heading.default\">\n\t\t\t\t\t<h2 class=\"elementor-heading-title elementor-size-default\">R\u00e9sultats des Concours\/Ev\u00e8nements <\/h2>\t\t\t\t<\/div>\n\t\t\t\t<\/div>\n\t\t<div class=\"elementor-element elementor-element-2ee7596 e-con-full e-flex e-con e-parent\" data-id=\"2ee7596\" data-element_type=\"container\" data-e-type=\"container\">\n\t\t<div class=\"elementor-element elementor-element-5925ff9 e-con-full e-flex e-con e-child\" data-id=\"5925ff9\" data-element_type=\"container\" data-e-type=\"container\">\n\t\t\t\t<div class=\"elementor-element elementor-element-0db4ab1 elementor-widget__width-initial elementor-widget-tablet__width-initial elementor-widget-mobile__width-initial elementor-widget elementor-widget-image\" data-id=\"0db4ab1\" data-element_type=\"widget\" data-e-type=\"widget\" data-widget_type=\"image.default\">\n\t\t\t\t\t\t\t\t\t\t\t\t\t\t\t<img fetchpriority=\"high\" decoding=\"async\" width=\"400\" height=\"414\" src=\"https:\/\/colombophile62500.fr\/wp-content\/uploads\/2025\/12\/Pigeon_biset2.jpg\" class=\"attachment-large size-large wp-image-528\" alt=\"\" srcset=\"https:\/\/colombophile62500.fr\/wp-content\/uploads\/2025\/12\/Pigeon_biset2.jpg 400w, https:\/\/colombophile62500.fr\/wp-content\/uploads\/2025\/12\/Pigeon_biset2-290x300.jpg 290w\" sizes=\"(max-width: 400px) 100vw, 400px\" \/>\t\t\t\t\t\t\t\t\t\t\t\t\t\t\t<\/div>\n\t\t\t\t<\/div>\n\t\t<div class=\"elementor-element elementor-element-c6aba45 e-con-full e-flex e-con e-child\" data-id=\"c6aba45\" data-element_type=\"container\" data-e-type=\"container\">\n\t\t\t\t<div class=\"elementor-element elementor-element-3c53b45 elementor-widget__width-initial elementor-widget elementor-widget-text-editor\" data-id=\"3c53b45\" data-element_type=\"widget\" data-e-type=\"widget\" data-widget_type=\"text-editor.default\">\n\t\t\t\t\t\t\t\t\t<blockquote><p>Voici quelques exemples de r\u00e9sultats de ces formidables cr\u00e9atures !<\/p><p><a href=\"https:\/\/colombophile62500.fr\/index.php\/vieux\/\">Vitesse<\/a><\/p><p><a href=\"https:\/\/colombophile62500.fr\/index.php\/femelles\/\">1\/2 fond\u00a0<\/a><\/p><p><a href=\"https:\/\/colombophile62500.fr\/index.php\/yearlings\/\">Fond<\/a><\/p><p><a href=\"https:\/\/colombophile62500.fr\/index.php\/jeunes-4\/\">CALC<\/a><\/p><p><a href=\"https:\/\/colombophile62500.fr\/index.php\/internationaux\/\">Internationaux\u00a0<\/a><\/p><p>Pour tout voir, faites d\u00e9rouler la cat\u00e9gorie r\u00e9sultats !<\/p><\/blockquote>\t\t\t\t\t\t\t\t<\/div>\n\t\t\t\t<\/div>\n\t\t<div class=\"elementor-element elementor-element-f982212 e-con-full e-flex e-con e-child\" data-id=\"f982212\" data-element_type=\"container\" data-e-type=\"container\">\n\t\t\t\t<div class=\"elementor-element elementor-element-fd612b1 elementor-widget-tablet__width-initial elementor-widget__width-initial elementor-widget elementor-widget-image\" data-id=\"fd612b1\" data-element_type=\"widget\" data-e-type=\"widget\" data-widget_type=\"image.default\">\n\t\t\t\t\t\t\t\t\t\t\t\t\t\t\t<img decoding=\"async\" width=\"1024\" height=\"768\" src=\"https:\/\/colombophile62500.fr\/wp-content\/uploads\/2025\/12\/1200px-Columba_palumbus_-garden_post-8-1024x768.jpg\" class=\"attachment-large size-large wp-image-523\" alt=\"\" srcset=\"https:\/\/colombophile62500.fr\/wp-content\/uploads\/2025\/12\/1200px-Columba_palumbus_-garden_post-8-1024x768.jpg 1024w, https:\/\/colombophile62500.fr\/wp-content\/uploads\/2025\/12\/1200px-Columba_palumbus_-garden_post-8-300x225.jpg 300w, https:\/\/colombophile62500.fr\/wp-content\/uploads\/2025\/12\/1200px-Columba_palumbus_-garden_post-8-768x576.jpg 768w, https:\/\/colombophile62500.fr\/wp-content\/uploads\/2025\/12\/elementor\/thumbs\/1200px-Columba_palumbus_-garden_post-8-rgdnbehrfd5k7hd0i51rx4r4qe18p5rf28wkil06sw.jpg 800w, https:\/\/colombophile62500.fr\/wp-content\/uploads\/2025\/12\/1200px-Columba_palumbus_-garden_post-8.jpg 1200w\" sizes=\"(max-width: 1024px) 100vw, 1024px\" \/>\t\t\t\t\t\t\t\t\t\t\t\t\t\t\t<\/div>\n\t\t\t\t<\/div>\n\t\t\t\t<\/div>\n\t\t<div class=\"elementor-element elementor-element-db7d557 e-con-full e-flex e-con e-parent\" data-id=\"db7d557\" data-element_type=\"container\" data-e-type=\"container\">\n\t\t\t\t<\/div>\n\t\t<div class=\"elementor-element elementor-element-be40f33 e-con-full e-flex e-con e-parent\" data-id=\"be40f33\" data-element_type=\"container\" data-e-type=\"container\">\n\t\t\t\t<div class=\"elementor-element elementor-element-21f31c8 elementor-widget-divider--view-line_icon elementor-widget-divider--separator-type-pattern elementor-widget-divider--no-spacing elementor-view-default elementor-widget-divider--element-align-center elementor-widget elementor-widget-divider\" data-id=\"21f31c8\" data-element_type=\"widget\" data-e-type=\"widget\" data-widget_type=\"divider.default\">\n\t\t\t\t\t\t\t<div class=\"elementor-divider\" style=\"--divider-pattern-url: url(&quot;data:image\/svg+xml,%3Csvg xmlns=&#039;http:\/\/www.w3.org\/2000\/svg&#039; preserveAspectRatio=&#039;xMidYMid meet&#039; overflow=&#039;visible&#039; height=&#039;100%&#039; viewBox=&#039;0 0 117 26&#039; fill=&#039;black&#039; stroke=&#039;none&#039;%3E%3Cpath d=&#039;M3,1.5C5,4.9,6,8.8,6,13s-1.7,8.1-5,11.5C0.3,21.1,0,17.2,0,13S1,4.9,3,1.5z M16,1.5c2,3.4,3,7.3,3,11.5s-1,8.1-3,11.5c-2-4.1-3-8.3-3-12.5S14,4.3,16,1.5z M29,1.5c2,4.8,3,9.3,3,13.5s-1,7.4-3,9.5c-2-3.4-3-7.3-3-11.5S27,4.9,29,1.5z M41.1,1.5C43.7,4.9,45,8.8,45,13s-1,8.1-3,11.5c-2-3.4-3-7.3-3-11.5S39.7,4.9,41.1,1.5zM55,1.5c2,2.8,3,6.3,3,10.5s-1.3,8.4-4,12.5c-1.3-3.4-2-7.3-2-11.5S53,4.9,55,1.5z M68,1.5c2,3.4,3,7.3,3,11.5s-0.7,8.1-2,11.5c-2.7-4.8-4-9.3-4-13.5S66,3.6,68,1.5z M82,1.5c1.3,4.8,2,9.3,2,13.5s-1,7.4-3,9.5c-2-3.4-3-7.3-3-11.5S79.3,4.9,82,1.5z M94,1.5c2,3.4,3,7.3,3,11.5s-1.3,8.1-4,11.5c-1.3-1.4-2-4.3-2-8.5S92,6.9,94,1.5z M107,1.5c2,2.1,3,5.3,3,9.5s-0.7,8.7-2,13.5c-2.7-3.4-4-7.3-4-11.5S105,4.9,107,1.5z&#039;\/%3E%3C\/svg%3E&quot;);\">\n\t\t\t<span class=\"elementor-divider-separator\">\n\t\t\t\t\t\t\t<div class=\"elementor-icon elementor-divider__element\">\n\t\t\t\t\t<svg aria-hidden=\"true\" class=\"e-font-icon-svg e-fas-pastafarianism\" viewBox=\"0 0 640 512\" xmlns=\"http:\/\/www.w3.org\/2000\/svg\"><path d=\"M624.54 347.67c-32.7-12.52-57.36 4.25-75.37 16.45-17.06 11.53-23.25 14.42-31.41 11.36-8.12-3.09-10.83-9.38-15.89-29.38-3.33-13.15-7.44-29.32-17.95-42.65 2.24-2.91 4.43-5.79 6.38-8.57C500.47 304.45 513.71 312 532 312c33.95 0 50.87-25.78 62.06-42.83 10.59-16.14 15-21.17 21.94-21.17 13.25 0 24-10.75 24-24s-10.75-24-24-24c-33.95 0-50.87 25.78-62.06 42.83-10.6 16.14-15 21.17-21.94 21.17-17.31 0-37.48-61.43-97.26-101.91l17.25-34.5C485.43 125.5 512 97.98 512 64c0-35.35-28.65-64-64-64s-64 28.65-64 64c0 13.02 3.94 25.1 10.62 35.21l-18.15 36.3c-16.98-4.6-35.6-7.51-56.46-7.51s-39.49 2.91-56.46 7.51l-18.15-36.3C252.06 89.1 256 77.02 256 64c0-35.35-28.65-64-64-64s-64 28.65-64 64c0 33.98 26.56 61.5 60.02 63.6l17.25 34.5C145.68 202.44 125.15 264 108 264c-6.94 0-11.34-5.03-21.94-21.17C74.88 225.78 57.96 200 24 200c-13.25 0-24 10.75-24 24s10.75 24 24 24c6.94 0 11.34 5.03 21.94 21.17C57.13 286.22 74.05 312 108 312c18.29 0 31.53-7.55 41.7-17.11 1.95 2.79 4.14 5.66 6.38 8.57-10.51 13.33-14.62 29.5-17.95 42.65-5.06 20-7.77 26.28-15.89 29.38-8.11 3.06-14.33.17-31.41-11.36-18.03-12.2-42.72-28.92-75.37-16.45-12.39 4.72-18.59 18.58-13.87 30.97 4.72 12.41 18.61 18.61 30.97 13.88 8.16-3.09 14.34-.19 31.39 11.36 13.55 9.16 30.83 20.86 52.42 20.84 7.17 0 14.83-1.28 22.97-4.39 32.66-12.44 39.98-41.33 45.33-62.44 2.21-8.72 3.99-14.49 5.95-18.87 16.62 13.61 36.95 25.88 61.64 34.17-9.96 37-32.18 90.8-60.26 90.8-13.25 0-24 10.75-24 24s10.75 24 24 24c66.74 0 97.05-88.63 107.42-129.14 6.69.6 13.42 1.14 20.58 1.14s13.89-.54 20.58-1.14C350.95 423.37 381.26 512 448 512c13.25 0 24-10.75 24-24s-10.75-24-24-24c-27.94 0-50.21-53.81-60.22-90.81 24.69-8.29 45-20.56 61.62-34.16 1.96 4.38 3.74 10.15 5.95 18.87 5.34 21.11 12.67 50 45.33 62.44 8.14 3.11 15.8 4.39 22.97 4.39 21.59 0 38.87-11.69 52.42-20.84 17.05-11.55 23.28-14.45 31.39-11.36 12.39 4.75 26.27-1.47 30.97-13.88 4.71-12.4-1.49-26.26-13.89-30.98zM448 48c8.82 0 16 7.18 16 16s-7.18 16-16 16-16-7.18-16-16 7.18-16 16-16zm-256 0c8.82 0 16 7.18 16 16s-7.18 16-16 16-16-7.18-16-16 7.18-16 16-16z\"><\/path><\/svg><\/div>\n\t\t\t\t\t\t<\/span>\n\t\t<\/div>\n\t\t\t\t\t\t<\/div>\n\t\t\t\t<\/div>\n\t\t\t\t<\/div>\n\t\t","protected":false},"excerpt":{"rendered":"<p>R\u00e9sultats des Concours\/Ev\u00e8nements Voici quelques exemples de r\u00e9sultats de ces formidables cr\u00e9atures ! Vitesse 1\/2 fond\u00a0 Fond CALC Internationaux\u00a0 Pour tout voir, faites d\u00e9rouler la cat\u00e9gorie r\u00e9sultats !<\/p>\n","protected":false},"author":1,"featured_media":0,"parent":0,"menu_order":0,"comment_status":"closed","ping_status":"closed","template":"","meta":{"footnotes":""},"class_list":["post-17","page","type-page","status-publish","hentry","entry"],"yoast_head":"<!-- This site is optimized with the Yoast SEO plugin v27.3 - https:\/\/yoast.com\/product\/yoast-seo-wordpress\/ -->\n<title>R\u00e9sultats - Entente Colombophile<\/title>\n<meta name=\"robots\" content=\"index, follow, max-snippet:-1, max-image-preview:large, max-video-preview:-1\" \/>\n<link rel=\"canonical\" href=\"https:\/\/colombophile62500.fr\/index.php\/resultats\/\" \/>\n<meta property=\"og:locale\" content=\"fr_FR\" \/>\n<meta property=\"og:type\" content=\"article\" \/>\n<meta property=\"og:title\" content=\"R\u00e9sultats - Entente Colombophile\" \/>\n<meta property=\"og:description\" content=\"R\u00e9sultats des Concours\/Ev\u00e8nements Voici quelques exemples de r\u00e9sultats de ces formidables cr\u00e9atures ! Vitesse 1\/2 fond\u00a0 Fond CALC Internationaux\u00a0 Pour tout voir, faites d\u00e9rouler la cat\u00e9gorie r\u00e9sultats !\" \/>\n<meta property=\"og:url\" content=\"https:\/\/colombophile62500.fr\/index.php\/resultats\/\" \/>\n<meta property=\"og:site_name\" content=\"Entente Colombophile\" \/>\n<meta property=\"article:modified_time\" content=\"2026-04-01T07:10:14+00:00\" \/>\n<meta property=\"og:image\" content=\"https:\/\/colombophile62500.fr\/wp-content\/uploads\/2025\/12\/Pigeon_biset2.jpg\" \/>\n\t<meta property=\"og:image:width\" content=\"400\" \/>\n\t<meta property=\"og:image:height\" content=\"414\" \/>\n\t<meta property=\"og:image:type\" content=\"image\/jpeg\" \/>\n<meta name=\"twitter:card\" content=\"summary_large_image\" \/>\n<meta name=\"twitter:label1\" content=\"Dur\u00e9e de lecture estim\u00e9e\" \/>\n\t<meta name=\"twitter:data1\" content=\"1 minute\" \/>\n<script type=\"application\/ld+json\" class=\"yoast-schema-graph\">{\"@context\":\"https:\\\/\\\/schema.org\",\"@graph\":[{\"@type\":\"WebPage\",\"@id\":\"https:\\\/\\\/colombophile62500.fr\\\/index.php\\\/resultats\\\/\",\"url\":\"https:\\\/\\\/colombophile62500.fr\\\/index.php\\\/resultats\\\/\",\"name\":\"R\u00e9sultats - Entente Colombophile\",\"isPartOf\":{\"@id\":\"https:\\\/\\\/colombophile62500.fr\\\/#website\"},\"primaryImageOfPage\":{\"@id\":\"https:\\\/\\\/colombophile62500.fr\\\/index.php\\\/resultats\\\/#primaryimage\"},\"image\":{\"@id\":\"https:\\\/\\\/colombophile62500.fr\\\/index.php\\\/resultats\\\/#primaryimage\"},\"thumbnailUrl\":\"https:\\\/\\\/colombophile62500.fr\\\/wp-content\\\/uploads\\\/2025\\\/12\\\/Pigeon_biset2.jpg\",\"datePublished\":\"2025-12-10T08:05:44+00:00\",\"dateModified\":\"2026-04-01T07:10:14+00:00\",\"breadcrumb\":{\"@id\":\"https:\\\/\\\/colombophile62500.fr\\\/index.php\\\/resultats\\\/#breadcrumb\"},\"inLanguage\":\"fr-FR\",\"potentialAction\":[{\"@type\":\"ReadAction\",\"target\":[\"https:\\\/\\\/colombophile62500.fr\\\/index.php\\\/resultats\\\/\"]}]},{\"@type\":\"ImageObject\",\"inLanguage\":\"fr-FR\",\"@id\":\"https:\\\/\\\/colombophile62500.fr\\\/index.php\\\/resultats\\\/#primaryimage\",\"url\":\"https:\\\/\\\/colombophile62500.fr\\\/wp-content\\\/uploads\\\/2025\\\/12\\\/Pigeon_biset2.jpg\",\"contentUrl\":\"https:\\\/\\\/colombophile62500.fr\\\/wp-content\\\/uploads\\\/2025\\\/12\\\/Pigeon_biset2.jpg\",\"width\":400,\"height\":414},{\"@type\":\"BreadcrumbList\",\"@id\":\"https:\\\/\\\/colombophile62500.fr\\\/index.php\\\/resultats\\\/#breadcrumb\",\"itemListElement\":[{\"@type\":\"ListItem\",\"position\":1,\"name\":\"Accueil\",\"item\":\"https:\\\/\\\/colombophile62500.fr\\\/\"},{\"@type\":\"ListItem\",\"position\":2,\"name\":\"R\u00e9sultats\"}]},{\"@type\":\"WebSite\",\"@id\":\"https:\\\/\\\/colombophile62500.fr\\\/#website\",\"url\":\"https:\\\/\\\/colombophile62500.fr\\\/\",\"name\":\"Entente Colombophile\",\"description\":\"\",\"potentialAction\":[{\"@type\":\"SearchAction\",\"target\":{\"@type\":\"EntryPoint\",\"urlTemplate\":\"https:\\\/\\\/colombophile62500.fr\\\/?s={search_term_string}\"},\"query-input\":{\"@type\":\"PropertyValueSpecification\",\"valueRequired\":true,\"valueName\":\"search_term_string\"}}],\"inLanguage\":\"fr-FR\"}]}<\/script>\n<!-- \/ Yoast SEO plugin. -->","yoast_head_json":{"title":"R\u00e9sultats - Entente Colombophile","robots":{"index":"index","follow":"follow","max-snippet":"max-snippet:-1","max-image-preview":"max-image-preview:large","max-video-preview":"max-video-preview:-1"},"canonical":"https:\/\/colombophile62500.fr\/index.php\/resultats\/","og_locale":"fr_FR","og_type":"article","og_title":"R\u00e9sultats - Entente Colombophile","og_description":"R\u00e9sultats des Concours\/Ev\u00e8nements Voici quelques exemples de r\u00e9sultats de ces formidables cr\u00e9atures ! Vitesse 1\/2 fond\u00a0 Fond CALC Internationaux\u00a0 Pour tout voir, faites d\u00e9rouler la cat\u00e9gorie r\u00e9sultats !","og_url":"https:\/\/colombophile62500.fr\/index.php\/resultats\/","og_site_name":"Entente Colombophile","article_modified_time":"2026-04-01T07:10:14+00:00","og_image":[{"width":400,"height":414,"url":"https:\/\/colombophile62500.fr\/wp-content\/uploads\/2025\/12\/Pigeon_biset2.jpg","type":"image\/jpeg"}],"twitter_card":"summary_large_image","twitter_misc":{"Dur\u00e9e de lecture estim\u00e9e":"1 minute"},"schema":{"@context":"https:\/\/schema.org","@graph":[{"@type":"WebPage","@id":"https:\/\/colombophile62500.fr\/index.php\/resultats\/","url":"https:\/\/colombophile62500.fr\/index.php\/resultats\/","name":"R\u00e9sultats - Entente Colombophile","isPartOf":{"@id":"https:\/\/colombophile62500.fr\/#website"},"primaryImageOfPage":{"@id":"https:\/\/colombophile62500.fr\/index.php\/resultats\/#primaryimage"},"image":{"@id":"https:\/\/colombophile62500.fr\/index.php\/resultats\/#primaryimage"},"thumbnailUrl":"https:\/\/colombophile62500.fr\/wp-content\/uploads\/2025\/12\/Pigeon_biset2.jpg","datePublished":"2025-12-10T08:05:44+00:00","dateModified":"2026-04-01T07:10:14+00:00","breadcrumb":{"@id":"https:\/\/colombophile62500.fr\/index.php\/resultats\/#breadcrumb"},"inLanguage":"fr-FR","potentialAction":[{"@type":"ReadAction","target":["https:\/\/colombophile62500.fr\/index.php\/resultats\/"]}]},{"@type":"ImageObject","inLanguage":"fr-FR","@id":"https:\/\/colombophile62500.fr\/index.php\/resultats\/#primaryimage","url":"https:\/\/colombophile62500.fr\/wp-content\/uploads\/2025\/12\/Pigeon_biset2.jpg","contentUrl":"https:\/\/colombophile62500.fr\/wp-content\/uploads\/2025\/12\/Pigeon_biset2.jpg","width":400,"height":414},{"@type":"BreadcrumbList","@id":"https:\/\/colombophile62500.fr\/index.php\/resultats\/#breadcrumb","itemListElement":[{"@type":"ListItem","position":1,"name":"Accueil","item":"https:\/\/colombophile62500.fr\/"},{"@type":"ListItem","position":2,"name":"R\u00e9sultats"}]},{"@type":"WebSite","@id":"https:\/\/colombophile62500.fr\/#website","url":"https:\/\/colombophile62500.fr\/","name":"Entente Colombophile","description":"","potentialAction":[{"@type":"SearchAction","target":{"@type":"EntryPoint","urlTemplate":"https:\/\/colombophile62500.fr\/?s={search_term_string}"},"query-input":{"@type":"PropertyValueSpecification","valueRequired":true,"valueName":"search_term_string"}}],"inLanguage":"fr-FR"}]}},"_links":{"self":[{"href":"https:\/\/colombophile62500.fr\/index.php\/wp-json\/wp\/v2\/pages\/17","targetHints":{"allow":["GET"]}}],"collection":[{"href":"https:\/\/colombophile62500.fr\/index.php\/wp-json\/wp\/v2\/pages"}],"about":[{"href":"https:\/\/colombophile62500.fr\/index.php\/wp-json\/wp\/v2\/types\/page"}],"author":[{"embeddable":true,"href":"https:\/\/colombophile62500.fr\/index.php\/wp-json\/wp\/v2\/users\/1"}],"replies":[{"embeddable":true,"href":"https:\/\/colombophile62500.fr\/index.php\/wp-json\/wp\/v2\/comments?post=17"}],"version-history":[{"count":37,"href":"https:\/\/colombophile62500.fr\/index.php\/wp-json\/wp\/v2\/pages\/17\/revisions"}],"predecessor-version":[{"id":1117,"href":"https:\/\/colombophile62500.fr\/index.php\/wp-json\/wp\/v2\/pages\/17\/revisions\/1117"}],"wp:attachment":[{"href":"https:\/\/colombophile62500.fr\/index.php\/wp-json\/wp\/v2\/media?parent=17"}],"curies":[{"name":"wp","href":"https:\/\/api.w.org\/{rel}","templated":true}]}}