{"id":13,"date":"2025-12-10T09:04:56","date_gmt":"2025-12-10T08:04:56","guid":{"rendered":"https:\/\/colombophile62500.fr\/?page_id=13"},"modified":"2026-04-01T09:39:57","modified_gmt":"2026-04-01T08:39:57","slug":"qui-sommes-nous","status":"publish","type":"page","link":"https:\/\/colombophile62500.fr\/index.php\/qui-sommes-nous\/","title":{"rendered":"Qui sommes-nous ?"},"content":{"rendered":"\t\t<div data-elementor-type=\"wp-page\" data-elementor-id=\"13\" class=\"elementor elementor-13\">\n\t\t\t\t<div class=\"elementor-element elementor-element-7f01e41 e-flex e-con-boxed e-con e-parent\" data-id=\"7f01e41\" data-element_type=\"container\" data-e-type=\"container\">\n\t\t\t\t\t<div class=\"e-con-inner\">\n\t\t\t\t<div class=\"elementor-element elementor-element-06935e0 elementor-widget__width-initial elementor-widget elementor-widget-heading\" data-id=\"06935e0\" data-element_type=\"widget\" data-e-type=\"widget\" data-widget_type=\"heading.default\">\n\t\t\t\t\t<h2 class=\"elementor-heading-title elementor-size-default\">Entente Colombophile Saint-Omer\/Sain-Martin-lez-Tatinghem<\/h2>\t\t\t\t<\/div>\n\t\t\t\t\t<\/div>\n\t\t\t\t<\/div>\n\t\t<div class=\"elementor-element elementor-element-dda16d6 e-con-full e-flex e-con e-parent\" data-id=\"dda16d6\" data-element_type=\"container\" data-e-type=\"container\">\n\t\t<div class=\"elementor-element elementor-element-78f9e78 e-con-full e-flex e-con e-child\" data-id=\"78f9e78\" data-element_type=\"container\" data-e-type=\"container\">\n\t\t\t\t<div class=\"elementor-element elementor-element-4c96fc0 elementor-widget__width-initial elementor-widget elementor-widget-text-editor\" data-id=\"4c96fc0\" data-element_type=\"widget\" data-e-type=\"widget\" data-widget_type=\"text-editor.default\">\n\t\t\t\t\t\t\t\t\t<div><strong><span style=\"text-decoration: underline;\">Voici les effectifs de l&rsquo;association :\u00a0<\/span><\/strong><\/div><div>\u00a0<\/div><div><div><strong>Pr\u00e9sident<\/strong> GHEERAERT Eric \u00a6\u00a6\u00a0 07 50 02 93 48<\/div><div>\u00a0<\/div><div><strong>Vice Pr\u00e9sident<\/strong> DESCHUYTER\u00a0 Ludovic \u00a6\u00a6 06 10 10 80 50<\/div><div>CLABAUX Christophe<\/div><div>\u00a0<\/div><div><strong>Tr\u00e9sorier &#8211; Secr\u00e9taire<\/strong> LEMAIRE Bernard \u00a6\u00a6 06 75 06 97 28<\/div><div>\u00a0<\/div><div><strong>Membre<\/strong>\u00a0 DEBRUYNE Eric \u00a6\u00a6 06 88 70 31 75<\/div><div>DAUCHY Thomas \u00a6\u00a6 07 84 96 16 64<\/div><\/div>\t\t\t\t\t\t\t\t<\/div>\n\t\t\t\t<\/div>\n\t\t<div class=\"elementor-element elementor-element-8601ac1 e-con-full e-flex e-con e-child\" data-id=\"8601ac1\" data-element_type=\"container\" data-e-type=\"container\">\n\t\t\t\t<div class=\"elementor-element elementor-element-31638cd elementor-widget__width-initial elementor-widget-tablet__width-initial elementor-widget-mobile__width-initial elementor-widget elementor-widget-image\" data-id=\"31638cd\" data-element_type=\"widget\" data-e-type=\"widget\" data-widget_type=\"image.default\">\n\t\t\t\t\t\t\t\t\t\t\t\t\t\t\t<img fetchpriority=\"high\" decoding=\"async\" width=\"768\" height=\"512\" src=\"https:\/\/colombophile62500.fr\/wp-content\/uploads\/2025\/12\/unnamed-768x512.jpg\" class=\"attachment-medium_large size-medium_large wp-image-485\" alt=\"\" srcset=\"https:\/\/colombophile62500.fr\/wp-content\/uploads\/2025\/12\/unnamed-768x512.jpg 768w, https:\/\/colombophile62500.fr\/wp-content\/uploads\/2025\/12\/unnamed-300x200.jpg 300w, https:\/\/colombophile62500.fr\/wp-content\/uploads\/2025\/12\/unnamed-1024x683.jpg 1024w, https:\/\/colombophile62500.fr\/wp-content\/uploads\/2025\/12\/unnamed-1536x1024.jpg 1536w, https:\/\/colombophile62500.fr\/wp-content\/uploads\/2025\/12\/unnamed.jpg 2048w\" sizes=\"(max-width: 768px) 100vw, 768px\" \/>\t\t\t\t\t\t\t\t\t\t\t\t\t\t\t<\/div>\n\t\t\t\t<\/div>\n\t\t\t\t<\/div>\n\t\t<div class=\"elementor-element elementor-element-a4d56b3 e-con-full e-flex e-con e-parent\" data-id=\"a4d56b3\" data-element_type=\"container\" data-e-type=\"container\">\n\t\t\t\t<div class=\"elementor-element elementor-element-edd97e4 elementor-widget-divider--view-line_icon elementor-widget-divider--separator-type-pattern elementor-widget-divider--no-spacing elementor-view-default elementor-widget-divider--element-align-center elementor-widget elementor-widget-divider\" data-id=\"edd97e4\" data-element_type=\"widget\" data-e-type=\"widget\" data-widget_type=\"divider.default\">\n\t\t\t\t\t\t\t<div class=\"elementor-divider\" style=\"--divider-pattern-url: url(&quot;data:image\/svg+xml,%3Csvg xmlns=&#039;http:\/\/www.w3.org\/2000\/svg&#039; preserveAspectRatio=&#039;xMidYMid meet&#039; overflow=&#039;visible&#039; height=&#039;100%&#039; viewBox=&#039;0 0 117 26&#039; fill=&#039;black&#039; stroke=&#039;none&#039;%3E%3Cpath d=&#039;M3,1.5C5,4.9,6,8.8,6,13s-1.7,8.1-5,11.5C0.3,21.1,0,17.2,0,13S1,4.9,3,1.5z M16,1.5c2,3.4,3,7.3,3,11.5s-1,8.1-3,11.5c-2-4.1-3-8.3-3-12.5S14,4.3,16,1.5z M29,1.5c2,4.8,3,9.3,3,13.5s-1,7.4-3,9.5c-2-3.4-3-7.3-3-11.5S27,4.9,29,1.5z M41.1,1.5C43.7,4.9,45,8.8,45,13s-1,8.1-3,11.5c-2-3.4-3-7.3-3-11.5S39.7,4.9,41.1,1.5zM55,1.5c2,2.8,3,6.3,3,10.5s-1.3,8.4-4,12.5c-1.3-3.4-2-7.3-2-11.5S53,4.9,55,1.5z M68,1.5c2,3.4,3,7.3,3,11.5s-0.7,8.1-2,11.5c-2.7-4.8-4-9.3-4-13.5S66,3.6,68,1.5z M82,1.5c1.3,4.8,2,9.3,2,13.5s-1,7.4-3,9.5c-2-3.4-3-7.3-3-11.5S79.3,4.9,82,1.5z M94,1.5c2,3.4,3,7.3,3,11.5s-1.3,8.1-4,11.5c-1.3-1.4-2-4.3-2-8.5S92,6.9,94,1.5z M107,1.5c2,2.1,3,5.3,3,9.5s-0.7,8.7-2,13.5c-2.7-3.4-4-7.3-4-11.5S105,4.9,107,1.5z&#039;\/%3E%3C\/svg%3E&quot;);\">\n\t\t\t<span class=\"elementor-divider-separator\">\n\t\t\t\t\t\t\t<div class=\"elementor-icon elementor-divider__element\">\n\t\t\t\t\t<svg aria-hidden=\"true\" class=\"e-font-icon-svg e-fas-pastafarianism\" viewBox=\"0 0 640 512\" xmlns=\"http:\/\/www.w3.org\/2000\/svg\"><path d=\"M624.54 347.67c-32.7-12.52-57.36 4.25-75.37 16.45-17.06 11.53-23.25 14.42-31.41 11.36-8.12-3.09-10.83-9.38-15.89-29.38-3.33-13.15-7.44-29.32-17.95-42.65 2.24-2.91 4.43-5.79 6.38-8.57C500.47 304.45 513.71 312 532 312c33.95 0 50.87-25.78 62.06-42.83 10.59-16.14 15-21.17 21.94-21.17 13.25 0 24-10.75 24-24s-10.75-24-24-24c-33.95 0-50.87 25.78-62.06 42.83-10.6 16.14-15 21.17-21.94 21.17-17.31 0-37.48-61.43-97.26-101.91l17.25-34.5C485.43 125.5 512 97.98 512 64c0-35.35-28.65-64-64-64s-64 28.65-64 64c0 13.02 3.94 25.1 10.62 35.21l-18.15 36.3c-16.98-4.6-35.6-7.51-56.46-7.51s-39.49 2.91-56.46 7.51l-18.15-36.3C252.06 89.1 256 77.02 256 64c0-35.35-28.65-64-64-64s-64 28.65-64 64c0 33.98 26.56 61.5 60.02 63.6l17.25 34.5C145.68 202.44 125.15 264 108 264c-6.94 0-11.34-5.03-21.94-21.17C74.88 225.78 57.96 200 24 200c-13.25 0-24 10.75-24 24s10.75 24 24 24c6.94 0 11.34 5.03 21.94 21.17C57.13 286.22 74.05 312 108 312c18.29 0 31.53-7.55 41.7-17.11 1.95 2.79 4.14 5.66 6.38 8.57-10.51 13.33-14.62 29.5-17.95 42.65-5.06 20-7.77 26.28-15.89 29.38-8.11 3.06-14.33.17-31.41-11.36-18.03-12.2-42.72-28.92-75.37-16.45-12.39 4.72-18.59 18.58-13.87 30.97 4.72 12.41 18.61 18.61 30.97 13.88 8.16-3.09 14.34-.19 31.39 11.36 13.55 9.16 30.83 20.86 52.42 20.84 7.17 0 14.83-1.28 22.97-4.39 32.66-12.44 39.98-41.33 45.33-62.44 2.21-8.72 3.99-14.49 5.95-18.87 16.62 13.61 36.95 25.88 61.64 34.17-9.96 37-32.18 90.8-60.26 90.8-13.25 0-24 10.75-24 24s10.75 24 24 24c66.74 0 97.05-88.63 107.42-129.14 6.69.6 13.42 1.14 20.58 1.14s13.89-.54 20.58-1.14C350.95 423.37 381.26 512 448 512c13.25 0 24-10.75 24-24s-10.75-24-24-24c-27.94 0-50.21-53.81-60.22-90.81 24.69-8.29 45-20.56 61.62-34.16 1.96 4.38 3.74 10.15 5.95 18.87 5.34 21.11 12.67 50 45.33 62.44 8.14 3.11 15.8 4.39 22.97 4.39 21.59 0 38.87-11.69 52.42-20.84 17.05-11.55 23.28-14.45 31.39-11.36 12.39 4.75 26.27-1.47 30.97-13.88 4.71-12.4-1.49-26.26-13.89-30.98zM448 48c8.82 0 16 7.18 16 16s-7.18 16-16 16-16-7.18-16-16 7.18-16 16-16zm-256 0c8.82 0 16 7.18 16 16s-7.18 16-16 16-16-7.18-16-16 7.18-16 16-16z\"><\/path><\/svg><\/div>\n\t\t\t\t\t\t<\/span>\n\t\t<\/div>\n\t\t\t\t\t\t<\/div>\n\t\t\t\t<\/div>\n\t\t<div class=\"elementor-element elementor-element-27da162 e-con-full e-flex e-con e-parent\" data-id=\"27da162\" data-element_type=\"container\" data-e-type=\"container\">\n\t\t\t\t<div class=\"elementor-element elementor-element-444f7e4 elementor-widget__width-initial elementor-widget elementor-widget-text-editor\" data-id=\"444f7e4\" data-element_type=\"widget\" data-e-type=\"widget\" data-widget_type=\"text-editor.default\">\n\t\t\t\t\t\t\t\t\t<div>\u263e C&rsquo;est une soci\u00e9t\u00e9 des plus importantes en nombre d&rsquo;adh\u00e9rents et de r\u00e9sultats avec de nombreux champions: Groupement &#8211; France dans les diff\u00e9rentes cat\u00e9gories Jeunes Pigeons D&rsquo;un an ( Yearlings) et Vieux.<\/div><div>\u00a0<\/div><div><p>Toutes les personnes, d\u00e9sirant poss\u00e9der des pigeons pour l\u2019\u00e9levage comme pour le jeu, doivent s\u2019inscrire aupr\u00e8s de la soci\u00e9t\u00e9 la plus proche de chez lui. Pour conna\u00eetre la soci\u00e9t\u00e9, vous pouvez vous rapprocher soit de la F\u00e9d\u00e9ration Colombophile soit du pr\u00e9sident de groupement. Pour la r\u00e9gion Audomaroise le pr\u00e9sident est Monsieur CUVELIER Jos\u00e9 ou son vice-pr\u00e9sident Monsieur GRUSON Franck. \u263d<\/p><\/div>\t\t\t\t\t\t\t\t<\/div>\n\t\t\t\t<\/div>\n\t\t<div class=\"elementor-element elementor-element-4c19a1e e-flex e-con-boxed e-con e-parent\" data-id=\"4c19a1e\" data-element_type=\"container\" data-e-type=\"container\">\n\t\t\t\t\t<div class=\"e-con-inner\">\n\t\t\t\t<div class=\"elementor-element elementor-element-3f73cf4 elementor-widget elementor-widget-google_maps\" data-id=\"3f73cf4\" data-element_type=\"widget\" data-e-type=\"widget\" data-widget_type=\"google_maps.default\">\n\t\t\t\t\t\t\t<div class=\"elementor-custom-embed\">\n\t\t\t<iframe loading=\"lazy\"\n\t\t\t\t\tsrc=\"https:\/\/maps.google.com\/maps?q=Place%20du%20rivage%20Saint%20Martin%20lez%20Tatighem&#038;t=m&#038;z=12&#038;output=embed&#038;iwloc=near\"\n\t\t\t\t\ttitle=\"Place du rivage Saint Martin lez Tatighem\"\n\t\t\t\t\taria-label=\"Place du rivage Saint Martin lez Tatighem\"\n\t\t\t><\/iframe>\n\t\t<\/div>\n\t\t\t\t\t\t<\/div>\n\t\t\t\t\t<\/div>\n\t\t\t\t<\/div>\n\t\t\t\t<\/div>\n\t\t","protected":false},"excerpt":{"rendered":"<p>Entente Colombophile Saint-Omer\/Sain-Martin-lez-Tatinghem Voici les effectifs de l&rsquo;association :\u00a0\u00a0Pr\u00e9sident GHEERAERT Eric \u00a6\u00a6\u00a0 07 50 02 93 48\u00a0Vice Pr\u00e9sident DESCHUYTER\u00a0 Ludovic \u00a6\u00a6 06 10 10 80 50CLABAUX Christophe\u00a0Tr\u00e9sorier &#8211; Secr\u00e9taire LEMAIRE Bernard \u00a6\u00a6 06 75 06 97 28\u00a0Membre\u00a0 DEBRUYNE Eric \u00a6\u00a6 06 88 70 31 75DAUCHY Thomas \u00a6\u00a6 07 84 96 16 64 \u263e C&rsquo;est une [&hellip;]<\/p>\n","protected":false},"author":1,"featured_media":0,"parent":0,"menu_order":0,"comment_status":"closed","ping_status":"closed","template":"","meta":{"footnotes":""},"class_list":["post-13","page","type-page","status-publish","hentry","entry"],"yoast_head":"<!-- This site is optimized with the Yoast SEO plugin v27.3 - https:\/\/yoast.com\/product\/yoast-seo-wordpress\/ -->\n<title>Qui sommes-nous ? - Entente Colombophile<\/title>\n<meta name=\"robots\" content=\"index, follow, max-snippet:-1, max-image-preview:large, max-video-preview:-1\" \/>\n<link rel=\"canonical\" href=\"https:\/\/colombophile62500.fr\/index.php\/qui-sommes-nous\/\" \/>\n<meta property=\"og:locale\" content=\"fr_FR\" \/>\n<meta property=\"og:type\" content=\"article\" \/>\n<meta property=\"og:title\" content=\"Qui sommes-nous ? - Entente Colombophile\" \/>\n<meta property=\"og:description\" content=\"Entente Colombophile Saint-Omer\/Sain-Martin-lez-Tatinghem Voici les effectifs de l&rsquo;association :\u00a0\u00a0Pr\u00e9sident GHEERAERT Eric \u00a6\u00a6\u00a0 07 50 02 93 48\u00a0Vice Pr\u00e9sident DESCHUYTER\u00a0 Ludovic \u00a6\u00a6 06 10 10 80 50CLABAUX Christophe\u00a0Tr\u00e9sorier &#8211; Secr\u00e9taire LEMAIRE Bernard \u00a6\u00a6 06 75 06 97 28\u00a0Membre\u00a0 DEBRUYNE Eric \u00a6\u00a6 06 88 70 31 75DAUCHY Thomas \u00a6\u00a6 07 84 96 16 64 \u263e C&rsquo;est une [&hellip;]\" \/>\n<meta property=\"og:url\" content=\"https:\/\/colombophile62500.fr\/index.php\/qui-sommes-nous\/\" \/>\n<meta property=\"og:site_name\" content=\"Entente Colombophile\" \/>\n<meta property=\"article:modified_time\" content=\"2026-04-01T08:39:57+00:00\" \/>\n<meta property=\"og:image\" content=\"https:\/\/colombophile62500.fr\/wp-content\/uploads\/2025\/12\/unnamed.jpg\" \/>\n\t<meta property=\"og:image:width\" content=\"2048\" \/>\n\t<meta property=\"og:image:height\" content=\"1365\" \/>\n\t<meta property=\"og:image:type\" content=\"image\/jpeg\" \/>\n<meta name=\"twitter:card\" content=\"summary_large_image\" \/>\n<meta name=\"twitter:label1\" content=\"Dur\u00e9e de lecture estim\u00e9e\" \/>\n\t<meta name=\"twitter:data1\" content=\"1 minute\" \/>\n<script type=\"application\/ld+json\" class=\"yoast-schema-graph\">{\"@context\":\"https:\\\/\\\/schema.org\",\"@graph\":[{\"@type\":\"WebPage\",\"@id\":\"https:\\\/\\\/colombophile62500.fr\\\/index.php\\\/qui-sommes-nous\\\/\",\"url\":\"https:\\\/\\\/colombophile62500.fr\\\/index.php\\\/qui-sommes-nous\\\/\",\"name\":\"Qui sommes-nous ? - Entente Colombophile\",\"isPartOf\":{\"@id\":\"https:\\\/\\\/colombophile62500.fr\\\/#website\"},\"primaryImageOfPage\":{\"@id\":\"https:\\\/\\\/colombophile62500.fr\\\/index.php\\\/qui-sommes-nous\\\/#primaryimage\"},\"image\":{\"@id\":\"https:\\\/\\\/colombophile62500.fr\\\/index.php\\\/qui-sommes-nous\\\/#primaryimage\"},\"thumbnailUrl\":\"https:\\\/\\\/colombophile62500.fr\\\/wp-content\\\/uploads\\\/2025\\\/12\\\/unnamed-768x512.jpg\",\"datePublished\":\"2025-12-10T08:04:56+00:00\",\"dateModified\":\"2026-04-01T08:39:57+00:00\",\"breadcrumb\":{\"@id\":\"https:\\\/\\\/colombophile62500.fr\\\/index.php\\\/qui-sommes-nous\\\/#breadcrumb\"},\"inLanguage\":\"fr-FR\",\"potentialAction\":[{\"@type\":\"ReadAction\",\"target\":[\"https:\\\/\\\/colombophile62500.fr\\\/index.php\\\/qui-sommes-nous\\\/\"]}]},{\"@type\":\"ImageObject\",\"inLanguage\":\"fr-FR\",\"@id\":\"https:\\\/\\\/colombophile62500.fr\\\/index.php\\\/qui-sommes-nous\\\/#primaryimage\",\"url\":\"https:\\\/\\\/colombophile62500.fr\\\/wp-content\\\/uploads\\\/2025\\\/12\\\/unnamed.jpg\",\"contentUrl\":\"https:\\\/\\\/colombophile62500.fr\\\/wp-content\\\/uploads\\\/2025\\\/12\\\/unnamed.jpg\",\"width\":2048,\"height\":1365},{\"@type\":\"BreadcrumbList\",\"@id\":\"https:\\\/\\\/colombophile62500.fr\\\/index.php\\\/qui-sommes-nous\\\/#breadcrumb\",\"itemListElement\":[{\"@type\":\"ListItem\",\"position\":1,\"name\":\"Accueil\",\"item\":\"https:\\\/\\\/colombophile62500.fr\\\/\"},{\"@type\":\"ListItem\",\"position\":2,\"name\":\"Qui sommes-nous ?\"}]},{\"@type\":\"WebSite\",\"@id\":\"https:\\\/\\\/colombophile62500.fr\\\/#website\",\"url\":\"https:\\\/\\\/colombophile62500.fr\\\/\",\"name\":\"Entente Colombophile\",\"description\":\"\",\"potentialAction\":[{\"@type\":\"SearchAction\",\"target\":{\"@type\":\"EntryPoint\",\"urlTemplate\":\"https:\\\/\\\/colombophile62500.fr\\\/?s={search_term_string}\"},\"query-input\":{\"@type\":\"PropertyValueSpecification\",\"valueRequired\":true,\"valueName\":\"search_term_string\"}}],\"inLanguage\":\"fr-FR\"}]}<\/script>\n<!-- \/ Yoast SEO plugin. -->","yoast_head_json":{"title":"Qui sommes-nous ? - Entente Colombophile","robots":{"index":"index","follow":"follow","max-snippet":"max-snippet:-1","max-image-preview":"max-image-preview:large","max-video-preview":"max-video-preview:-1"},"canonical":"https:\/\/colombophile62500.fr\/index.php\/qui-sommes-nous\/","og_locale":"fr_FR","og_type":"article","og_title":"Qui sommes-nous ? - Entente Colombophile","og_description":"Entente Colombophile Saint-Omer\/Sain-Martin-lez-Tatinghem Voici les effectifs de l&rsquo;association :\u00a0\u00a0Pr\u00e9sident GHEERAERT Eric \u00a6\u00a6\u00a0 07 50 02 93 48\u00a0Vice Pr\u00e9sident DESCHUYTER\u00a0 Ludovic \u00a6\u00a6 06 10 10 80 50CLABAUX Christophe\u00a0Tr\u00e9sorier &#8211; Secr\u00e9taire LEMAIRE Bernard \u00a6\u00a6 06 75 06 97 28\u00a0Membre\u00a0 DEBRUYNE Eric \u00a6\u00a6 06 88 70 31 75DAUCHY Thomas \u00a6\u00a6 07 84 96 16 64 \u263e C&rsquo;est une [&hellip;]","og_url":"https:\/\/colombophile62500.fr\/index.php\/qui-sommes-nous\/","og_site_name":"Entente Colombophile","article_modified_time":"2026-04-01T08:39:57+00:00","og_image":[{"width":2048,"height":1365,"url":"https:\/\/colombophile62500.fr\/wp-content\/uploads\/2025\/12\/unnamed.jpg","type":"image\/jpeg"}],"twitter_card":"summary_large_image","twitter_misc":{"Dur\u00e9e de lecture estim\u00e9e":"1 minute"},"schema":{"@context":"https:\/\/schema.org","@graph":[{"@type":"WebPage","@id":"https:\/\/colombophile62500.fr\/index.php\/qui-sommes-nous\/","url":"https:\/\/colombophile62500.fr\/index.php\/qui-sommes-nous\/","name":"Qui sommes-nous ? - Entente Colombophile","isPartOf":{"@id":"https:\/\/colombophile62500.fr\/#website"},"primaryImageOfPage":{"@id":"https:\/\/colombophile62500.fr\/index.php\/qui-sommes-nous\/#primaryimage"},"image":{"@id":"https:\/\/colombophile62500.fr\/index.php\/qui-sommes-nous\/#primaryimage"},"thumbnailUrl":"https:\/\/colombophile62500.fr\/wp-content\/uploads\/2025\/12\/unnamed-768x512.jpg","datePublished":"2025-12-10T08:04:56+00:00","dateModified":"2026-04-01T08:39:57+00:00","breadcrumb":{"@id":"https:\/\/colombophile62500.fr\/index.php\/qui-sommes-nous\/#breadcrumb"},"inLanguage":"fr-FR","potentialAction":[{"@type":"ReadAction","target":["https:\/\/colombophile62500.fr\/index.php\/qui-sommes-nous\/"]}]},{"@type":"ImageObject","inLanguage":"fr-FR","@id":"https:\/\/colombophile62500.fr\/index.php\/qui-sommes-nous\/#primaryimage","url":"https:\/\/colombophile62500.fr\/wp-content\/uploads\/2025\/12\/unnamed.jpg","contentUrl":"https:\/\/colombophile62500.fr\/wp-content\/uploads\/2025\/12\/unnamed.jpg","width":2048,"height":1365},{"@type":"BreadcrumbList","@id":"https:\/\/colombophile62500.fr\/index.php\/qui-sommes-nous\/#breadcrumb","itemListElement":[{"@type":"ListItem","position":1,"name":"Accueil","item":"https:\/\/colombophile62500.fr\/"},{"@type":"ListItem","position":2,"name":"Qui sommes-nous ?"}]},{"@type":"WebSite","@id":"https:\/\/colombophile62500.fr\/#website","url":"https:\/\/colombophile62500.fr\/","name":"Entente Colombophile","description":"","potentialAction":[{"@type":"SearchAction","target":{"@type":"EntryPoint","urlTemplate":"https:\/\/colombophile62500.fr\/?s={search_term_string}"},"query-input":{"@type":"PropertyValueSpecification","valueRequired":true,"valueName":"search_term_string"}}],"inLanguage":"fr-FR"}]}},"_links":{"self":[{"href":"https:\/\/colombophile62500.fr\/index.php\/wp-json\/wp\/v2\/pages\/13","targetHints":{"allow":["GET"]}}],"collection":[{"href":"https:\/\/colombophile62500.fr\/index.php\/wp-json\/wp\/v2\/pages"}],"about":[{"href":"https:\/\/colombophile62500.fr\/index.php\/wp-json\/wp\/v2\/types\/page"}],"author":[{"embeddable":true,"href":"https:\/\/colombophile62500.fr\/index.php\/wp-json\/wp\/v2\/users\/1"}],"replies":[{"embeddable":true,"href":"https:\/\/colombophile62500.fr\/index.php\/wp-json\/wp\/v2\/comments?post=13"}],"version-history":[{"count":67,"href":"https:\/\/colombophile62500.fr\/index.php\/wp-json\/wp\/v2\/pages\/13\/revisions"}],"predecessor-version":[{"id":1158,"href":"https:\/\/colombophile62500.fr\/index.php\/wp-json\/wp\/v2\/pages\/13\/revisions\/1158"}],"wp:attachment":[{"href":"https:\/\/colombophile62500.fr\/index.php\/wp-json\/wp\/v2\/media?parent=13"}],"curies":[{"name":"wp","href":"https:\/\/api.w.org\/{rel}","templated":true}]}}