{"id":11,"date":"2025-12-10T09:04:11","date_gmt":"2025-12-10T08:04:11","guid":{"rendered":"https:\/\/colombophile62500.fr\/?page_id=11"},"modified":"2026-04-01T07:42:57","modified_gmt":"2026-04-01T06:42:57","slug":"accueil","status":"publish","type":"page","link":"https:\/\/colombophile62500.fr\/","title":{"rendered":"Accueil"},"content":{"rendered":"\t\t<div data-elementor-type=\"wp-page\" data-elementor-id=\"11\" class=\"elementor elementor-11\">\n\t\t\t\t<div class=\"elementor-element elementor-element-62171f8 e-con-full e-flex e-con e-parent\" data-id=\"62171f8\" data-element_type=\"container\" data-e-type=\"container\">\n\t\t<div class=\"elementor-element elementor-element-f7f47a0 e-con-full e-flex e-con e-child\" data-id=\"f7f47a0\" data-element_type=\"container\" data-e-type=\"container\">\n\t\t\t\t<div class=\"elementor-element elementor-element-a2c3c98 elementor-widget__width-initial elementor-widget-tablet__width-initial elementor-widget elementor-widget-image\" data-id=\"a2c3c98\" data-element_type=\"widget\" data-e-type=\"widget\" data-widget_type=\"image.default\">\n\t\t\t\t\t\t\t\t\t\t\t\t\t\t\t<img fetchpriority=\"high\" decoding=\"async\" width=\"1024\" height=\"683\" src=\"https:\/\/colombophile62500.fr\/wp-content\/uploads\/2025\/12\/unnamed-1024x683.jpg\" class=\"attachment-large size-large wp-image-485\" alt=\"\" srcset=\"https:\/\/colombophile62500.fr\/wp-content\/uploads\/2025\/12\/unnamed-1024x683.jpg 1024w, https:\/\/colombophile62500.fr\/wp-content\/uploads\/2025\/12\/unnamed-300x200.jpg 300w, https:\/\/colombophile62500.fr\/wp-content\/uploads\/2025\/12\/unnamed-768x512.jpg 768w, https:\/\/colombophile62500.fr\/wp-content\/uploads\/2025\/12\/unnamed-1536x1024.jpg 1536w, https:\/\/colombophile62500.fr\/wp-content\/uploads\/2025\/12\/unnamed.jpg 2048w\" sizes=\"(max-width: 1024px) 100vw, 1024px\" \/>\t\t\t\t\t\t\t\t\t\t\t\t\t\t\t<\/div>\n\t\t\t\t<\/div>\n\t\t<div class=\"elementor-element elementor-element-12ce150 e-con-full e-flex e-con e-child\" data-id=\"12ce150\" data-element_type=\"container\" data-e-type=\"container\">\n\t\t\t\t<div class=\"elementor-element elementor-element-32ea98be elementor-widget-tablet__width-initial elementor-widget elementor-widget-heading\" data-id=\"32ea98be\" data-element_type=\"widget\" data-e-type=\"widget\" data-widget_type=\"heading.default\">\n\t\t\t\t\t<h4 class=\"elementor-heading-title elementor-size-default\">Bienvenue sur notre site !<\/h4>\t\t\t\t<\/div>\n\t\t\t\t<div class=\"elementor-element elementor-element-445ea62b elementor-widget-tablet__width-initial elementor-widget elementor-widget-text-editor\" data-id=\"445ea62b\" data-element_type=\"widget\" data-e-type=\"widget\" data-widget_type=\"text-editor.default\">\n\t\t\t\t\t\t\t\t\t<p>\ud80c\udd4a L\u2019association colombophile de Saint-Omer \/ Saint-Martin-lez-Tatinghem regroupe des passionn\u00e9s de colombophilie, discipline consacr\u00e9e \u00e0 l\u2019\u00e9levage et aux concours de pigeons voyageurs.<\/p><article class=\"text-token-text-primary w-full focus:outline-none [--shadow-height:45px] has-data-writing-block:pointer-events-none has-data-writing-block:-mt-(--shadow-height) has-data-writing-block:pt-(--shadow-height) [&amp;:has([data-writing-block])&gt;*]:pointer-events-auto scroll-mt-[calc(var(--header-height)+min(200px,max(70px,20svh)))]\" dir=\"auto\" tabindex=\"-1\" data-turn-id=\"request-WEB:7eb10e73-02cc-4820-9425-08daf2c1553b-0\" data-testid=\"conversation-turn-2\" data-scroll-anchor=\"true\" data-turn=\"assistant\"><div class=\"text-base my-auto mx-auto pb-10 [--thread-content-margin:--spacing(4)] @w-sm\/main:[--thread-content-margin:--spacing(6)] @w-lg\/main:[--thread-content-margin:--spacing(16)] px-(--thread-content-margin)\"><div class=\"[--thread-content-max-width:40rem] @w-lg\/main:[--thread-content-max-width:48rem] mx-auto max-w-(--thread-content-max-width) flex-1 group\/turn-messages focus-visible:outline-hidden relative flex w-full min-w-0 flex-col agent-turn\" tabindex=\"-1\"><div class=\"flex max-w-full flex-col grow\"><div class=\"min-h-8 text-message relative flex w-full flex-col items-end gap-2 text-start break-words whitespace-normal [.text-message+&amp;]:mt-1\" dir=\"auto\" data-message-author-role=\"assistant\" data-message-id=\"88430dd3-8f20-4802-9ccc-fc6e44992835\" data-message-model-slug=\"gpt-5-2\"><div class=\"flex w-full flex-col gap-1 empty:hidden first:pt-[1px]\"><div class=\"markdown prose dark:prose-invert w-full wrap-break-word light markdown-new-styling\"><p data-start=\"184\" data-end=\"337\" data-is-last-node=\"\" data-is-only-node=\"\">Ses membres participent \u00e0 des comp\u00e9titions allant des \u00e9preuves de vitesse aux concours f\u00e9d\u00e9raux, sur des distances comprises entre 100 et 700 kilom\u00e8tres. \ud80c\udd4a<\/p><\/div><\/div><\/div><\/div><\/div><\/div><\/article>\t\t\t\t\t\t\t\t<\/div>\n\t\t\t\t<\/div>\n\t\t\t\t<\/div>\n\t\t<div class=\"elementor-element elementor-element-5ba454b e-con-full e-flex e-con e-parent\" data-id=\"5ba454b\" data-element_type=\"container\" data-e-type=\"container\">\n\t\t\t\t<div class=\"elementor-element elementor-element-6e7fa46 elementor-widget-divider--view-line_icon elementor-widget-divider--separator-type-pattern elementor-widget-divider--no-spacing elementor-view-default elementor-widget-divider--element-align-center elementor-widget elementor-widget-divider\" data-id=\"6e7fa46\" data-element_type=\"widget\" data-e-type=\"widget\" data-widget_type=\"divider.default\">\n\t\t\t\t\t\t\t<div class=\"elementor-divider\" style=\"--divider-pattern-url: url(&quot;data:image\/svg+xml,%3Csvg xmlns=&#039;http:\/\/www.w3.org\/2000\/svg&#039; preserveAspectRatio=&#039;xMidYMid meet&#039; overflow=&#039;visible&#039; height=&#039;100%&#039; viewBox=&#039;0 0 117 26&#039; fill=&#039;black&#039; stroke=&#039;none&#039;%3E%3Cpath d=&#039;M3,1.5C5,4.9,6,8.8,6,13s-1.7,8.1-5,11.5C0.3,21.1,0,17.2,0,13S1,4.9,3,1.5z M16,1.5c2,3.4,3,7.3,3,11.5s-1,8.1-3,11.5c-2-4.1-3-8.3-3-12.5S14,4.3,16,1.5z M29,1.5c2,4.8,3,9.3,3,13.5s-1,7.4-3,9.5c-2-3.4-3-7.3-3-11.5S27,4.9,29,1.5z M41.1,1.5C43.7,4.9,45,8.8,45,13s-1,8.1-3,11.5c-2-3.4-3-7.3-3-11.5S39.7,4.9,41.1,1.5zM55,1.5c2,2.8,3,6.3,3,10.5s-1.3,8.4-4,12.5c-1.3-3.4-2-7.3-2-11.5S53,4.9,55,1.5z M68,1.5c2,3.4,3,7.3,3,11.5s-0.7,8.1-2,11.5c-2.7-4.8-4-9.3-4-13.5S66,3.6,68,1.5z M82,1.5c1.3,4.8,2,9.3,2,13.5s-1,7.4-3,9.5c-2-3.4-3-7.3-3-11.5S79.3,4.9,82,1.5z M94,1.5c2,3.4,3,7.3,3,11.5s-1.3,8.1-4,11.5c-1.3-1.4-2-4.3-2-8.5S92,6.9,94,1.5z M107,1.5c2,2.1,3,5.3,3,9.5s-0.7,8.7-2,13.5c-2.7-3.4-4-7.3-4-11.5S105,4.9,107,1.5z&#039;\/%3E%3C\/svg%3E&quot;);\">\n\t\t\t<span class=\"elementor-divider-separator\">\n\t\t\t\t\t\t\t<div class=\"elementor-icon elementor-divider__element\">\n\t\t\t\t\t<svg aria-hidden=\"true\" class=\"e-font-icon-svg e-fas-pastafarianism\" viewBox=\"0 0 640 512\" xmlns=\"http:\/\/www.w3.org\/2000\/svg\"><path d=\"M624.54 347.67c-32.7-12.52-57.36 4.25-75.37 16.45-17.06 11.53-23.25 14.42-31.41 11.36-8.12-3.09-10.83-9.38-15.89-29.38-3.33-13.15-7.44-29.32-17.95-42.65 2.24-2.91 4.43-5.79 6.38-8.57C500.47 304.45 513.71 312 532 312c33.95 0 50.87-25.78 62.06-42.83 10.59-16.14 15-21.17 21.94-21.17 13.25 0 24-10.75 24-24s-10.75-24-24-24c-33.95 0-50.87 25.78-62.06 42.83-10.6 16.14-15 21.17-21.94 21.17-17.31 0-37.48-61.43-97.26-101.91l17.25-34.5C485.43 125.5 512 97.98 512 64c0-35.35-28.65-64-64-64s-64 28.65-64 64c0 13.02 3.94 25.1 10.62 35.21l-18.15 36.3c-16.98-4.6-35.6-7.51-56.46-7.51s-39.49 2.91-56.46 7.51l-18.15-36.3C252.06 89.1 256 77.02 256 64c0-35.35-28.65-64-64-64s-64 28.65-64 64c0 33.98 26.56 61.5 60.02 63.6l17.25 34.5C145.68 202.44 125.15 264 108 264c-6.94 0-11.34-5.03-21.94-21.17C74.88 225.78 57.96 200 24 200c-13.25 0-24 10.75-24 24s10.75 24 24 24c6.94 0 11.34 5.03 21.94 21.17C57.13 286.22 74.05 312 108 312c18.29 0 31.53-7.55 41.7-17.11 1.95 2.79 4.14 5.66 6.38 8.57-10.51 13.33-14.62 29.5-17.95 42.65-5.06 20-7.77 26.28-15.89 29.38-8.11 3.06-14.33.17-31.41-11.36-18.03-12.2-42.72-28.92-75.37-16.45-12.39 4.72-18.59 18.58-13.87 30.97 4.72 12.41 18.61 18.61 30.97 13.88 8.16-3.09 14.34-.19 31.39 11.36 13.55 9.16 30.83 20.86 52.42 20.84 7.17 0 14.83-1.28 22.97-4.39 32.66-12.44 39.98-41.33 45.33-62.44 2.21-8.72 3.99-14.49 5.95-18.87 16.62 13.61 36.95 25.88 61.64 34.17-9.96 37-32.18 90.8-60.26 90.8-13.25 0-24 10.75-24 24s10.75 24 24 24c66.74 0 97.05-88.63 107.42-129.14 6.69.6 13.42 1.14 20.58 1.14s13.89-.54 20.58-1.14C350.95 423.37 381.26 512 448 512c13.25 0 24-10.75 24-24s-10.75-24-24-24c-27.94 0-50.21-53.81-60.22-90.81 24.69-8.29 45-20.56 61.62-34.16 1.96 4.38 3.74 10.15 5.95 18.87 5.34 21.11 12.67 50 45.33 62.44 8.14 3.11 15.8 4.39 22.97 4.39 21.59 0 38.87-11.69 52.42-20.84 17.05-11.55 23.28-14.45 31.39-11.36 12.39 4.75 26.27-1.47 30.97-13.88 4.71-12.4-1.49-26.26-13.89-30.98zM448 48c8.82 0 16 7.18 16 16s-7.18 16-16 16-16-7.18-16-16 7.18-16 16-16zm-256 0c8.82 0 16 7.18 16 16s-7.18 16-16 16-16-7.18-16-16 7.18-16 16-16z\"><\/path><\/svg><\/div>\n\t\t\t\t\t\t<\/span>\n\t\t<\/div>\n\t\t\t\t\t\t<\/div>\n\t\t\t\t<\/div>\n\t\t<div class=\"elementor-element elementor-element-1695ddd e-con-full e-flex e-con e-parent\" data-id=\"1695ddd\" data-element_type=\"container\" data-e-type=\"container\">\n\t\t<div class=\"elementor-element elementor-element-f769c08 e-con-full e-flex e-con e-child\" data-id=\"f769c08\" data-element_type=\"container\" data-e-type=\"container\">\n\t\t\t\t<div class=\"elementor-element elementor-element-e274418 elementor-widget__width-initial elementor-widget elementor-widget-image\" data-id=\"e274418\" data-element_type=\"widget\" data-e-type=\"widget\" data-widget_type=\"image.default\">\n\t\t\t\t\t\t\t\t\t\t\t\t\t\t\t<img decoding=\"async\" src=\"https:\/\/colombophile62500.fr\/wp-content\/uploads\/elementor\/thumbs\/pigeon.colombin_imagelarge-rhw0nqcft7be532yitslwj5u0ws50kgcjv0no7uzhc.jpg\" title=\"Pigeon colombin Columba oenas Stock Dove\" alt=\"Pigeon colombin. Famille des Columbid\u00e9s. Ordre : Columbiformes\" loading=\"lazy\" \/>\t\t\t\t\t\t\t\t\t\t\t\t\t\t\t<\/div>\n\t\t\t\t<\/div>\n\t\t<div class=\"elementor-element elementor-element-7ba2533 e-con-full e-flex e-con e-child\" data-id=\"7ba2533\" data-element_type=\"container\" data-e-type=\"container\">\n\t\t\t\t<div class=\"elementor-element elementor-element-55de549 elementor-widget__width-initial elementor-widget elementor-widget-text-editor\" data-id=\"55de549\" data-element_type=\"widget\" data-e-type=\"widget\" data-widget_type=\"text-editor.default\">\n\t\t\t\t\t\t\t\t\t<blockquote><p>Curieux de d\u00e9couvrir tout le potentiel de ces formidables cr\u00e9atures ? Rendez-vous d\u00e8s maintenant dans <a href=\"https:\/\/colombophile62500.fr\/index.php\/resultats\/\"><span style=\"text-decoration: underline; color: #ff9900;\"><strong>R\u00e9sultats<\/strong><\/span><\/a> !<\/p><\/blockquote>\t\t\t\t\t\t\t\t<\/div>\n\t\t\t\t<\/div>\n\t\t<div class=\"elementor-element elementor-element-2191835 e-con-full e-flex e-con e-child\" data-id=\"2191835\" data-element_type=\"container\" data-e-type=\"container\">\n\t\t\t\t<div class=\"elementor-element elementor-element-76de48c elementor-widget__width-initial elementor-widget elementor-widget-image\" data-id=\"76de48c\" data-element_type=\"widget\" data-e-type=\"widget\" data-widget_type=\"image.default\">\n\t\t\t\t\t\t\t\t\t\t\t\t\t\t\t<img decoding=\"async\" src=\"https:\/\/colombophile62500.fr\/wp-content\/uploads\/elementor\/thumbs\/pigeon-voyageur-091126-rhw0nqcft7be532yitslwj5u0ws50kgcjv0no7uzhc.jpg\" title=\"pigeon-voyageur-091126\" alt=\"pigeon-voyageur-091126\" loading=\"lazy\" \/>\t\t\t\t\t\t\t\t\t\t\t\t\t\t\t<\/div>\n\t\t\t\t<\/div>\n\t\t\t\t<\/div>\n\t\t<div class=\"elementor-element elementor-element-c885ccd e-con-full e-flex e-con e-parent\" data-id=\"c885ccd\" data-element_type=\"container\" data-e-type=\"container\">\n\t\t\t\t<div class=\"elementor-element elementor-element-a8a1a87 elementor-widget-divider--view-line_icon elementor-widget-divider--separator-type-pattern elementor-widget-divider--no-spacing elementor-view-default elementor-widget-divider--element-align-center elementor-widget elementor-widget-divider\" data-id=\"a8a1a87\" data-element_type=\"widget\" data-e-type=\"widget\" data-settings=\"{&quot;_animation&quot;:&quot;none&quot;}\" data-widget_type=\"divider.default\">\n\t\t\t\t\t\t\t<div class=\"elementor-divider\" style=\"--divider-pattern-url: url(&quot;data:image\/svg+xml,%3Csvg xmlns=&#039;http:\/\/www.w3.org\/2000\/svg&#039; preserveAspectRatio=&#039;xMidYMid meet&#039; overflow=&#039;visible&#039; height=&#039;100%&#039; viewBox=&#039;0 0 117 26&#039; fill=&#039;black&#039; stroke=&#039;none&#039;%3E%3Cpath d=&#039;M3,1.5C5,4.9,6,8.8,6,13s-1.7,8.1-5,11.5C0.3,21.1,0,17.2,0,13S1,4.9,3,1.5z M16,1.5c2,3.4,3,7.3,3,11.5s-1,8.1-3,11.5c-2-4.1-3-8.3-3-12.5S14,4.3,16,1.5z M29,1.5c2,4.8,3,9.3,3,13.5s-1,7.4-3,9.5c-2-3.4-3-7.3-3-11.5S27,4.9,29,1.5z M41.1,1.5C43.7,4.9,45,8.8,45,13s-1,8.1-3,11.5c-2-3.4-3-7.3-3-11.5S39.7,4.9,41.1,1.5zM55,1.5c2,2.8,3,6.3,3,10.5s-1.3,8.4-4,12.5c-1.3-3.4-2-7.3-2-11.5S53,4.9,55,1.5z M68,1.5c2,3.4,3,7.3,3,11.5s-0.7,8.1-2,11.5c-2.7-4.8-4-9.3-4-13.5S66,3.6,68,1.5z M82,1.5c1.3,4.8,2,9.3,2,13.5s-1,7.4-3,9.5c-2-3.4-3-7.3-3-11.5S79.3,4.9,82,1.5z M94,1.5c2,3.4,3,7.3,3,11.5s-1.3,8.1-4,11.5c-1.3-1.4-2-4.3-2-8.5S92,6.9,94,1.5z M107,1.5c2,2.1,3,5.3,3,9.5s-0.7,8.7-2,13.5c-2.7-3.4-4-7.3-4-11.5S105,4.9,107,1.5z&#039;\/%3E%3C\/svg%3E&quot;);\">\n\t\t\t<span class=\"elementor-divider-separator\">\n\t\t\t\t\t\t\t<div class=\"elementor-icon elementor-divider__element\">\n\t\t\t\t\t<svg aria-hidden=\"true\" class=\"e-font-icon-svg e-fas-pastafarianism\" viewBox=\"0 0 640 512\" xmlns=\"http:\/\/www.w3.org\/2000\/svg\"><path d=\"M624.54 347.67c-32.7-12.52-57.36 4.25-75.37 16.45-17.06 11.53-23.25 14.42-31.41 11.36-8.12-3.09-10.83-9.38-15.89-29.38-3.33-13.15-7.44-29.32-17.95-42.65 2.24-2.91 4.43-5.79 6.38-8.57C500.47 304.45 513.71 312 532 312c33.95 0 50.87-25.78 62.06-42.83 10.59-16.14 15-21.17 21.94-21.17 13.25 0 24-10.75 24-24s-10.75-24-24-24c-33.95 0-50.87 25.78-62.06 42.83-10.6 16.14-15 21.17-21.94 21.17-17.31 0-37.48-61.43-97.26-101.91l17.25-34.5C485.43 125.5 512 97.98 512 64c0-35.35-28.65-64-64-64s-64 28.65-64 64c0 13.02 3.94 25.1 10.62 35.21l-18.15 36.3c-16.98-4.6-35.6-7.51-56.46-7.51s-39.49 2.91-56.46 7.51l-18.15-36.3C252.06 89.1 256 77.02 256 64c0-35.35-28.65-64-64-64s-64 28.65-64 64c0 33.98 26.56 61.5 60.02 63.6l17.25 34.5C145.68 202.44 125.15 264 108 264c-6.94 0-11.34-5.03-21.94-21.17C74.88 225.78 57.96 200 24 200c-13.25 0-24 10.75-24 24s10.75 24 24 24c6.94 0 11.34 5.03 21.94 21.17C57.13 286.22 74.05 312 108 312c18.29 0 31.53-7.55 41.7-17.11 1.95 2.79 4.14 5.66 6.38 8.57-10.51 13.33-14.62 29.5-17.95 42.65-5.06 20-7.77 26.28-15.89 29.38-8.11 3.06-14.33.17-31.41-11.36-18.03-12.2-42.72-28.92-75.37-16.45-12.39 4.72-18.59 18.58-13.87 30.97 4.72 12.41 18.61 18.61 30.97 13.88 8.16-3.09 14.34-.19 31.39 11.36 13.55 9.16 30.83 20.86 52.42 20.84 7.17 0 14.83-1.28 22.97-4.39 32.66-12.44 39.98-41.33 45.33-62.44 2.21-8.72 3.99-14.49 5.95-18.87 16.62 13.61 36.95 25.88 61.64 34.17-9.96 37-32.18 90.8-60.26 90.8-13.25 0-24 10.75-24 24s10.75 24 24 24c66.74 0 97.05-88.63 107.42-129.14 6.69.6 13.42 1.14 20.58 1.14s13.89-.54 20.58-1.14C350.95 423.37 381.26 512 448 512c13.25 0 24-10.75 24-24s-10.75-24-24-24c-27.94 0-50.21-53.81-60.22-90.81 24.69-8.29 45-20.56 61.62-34.16 1.96 4.38 3.74 10.15 5.95 18.87 5.34 21.11 12.67 50 45.33 62.44 8.14 3.11 15.8 4.39 22.97 4.39 21.59 0 38.87-11.69 52.42-20.84 17.05-11.55 23.28-14.45 31.39-11.36 12.39 4.75 26.27-1.47 30.97-13.88 4.71-12.4-1.49-26.26-13.89-30.98zM448 48c8.82 0 16 7.18 16 16s-7.18 16-16 16-16-7.18-16-16 7.18-16 16-16zm-256 0c8.82 0 16 7.18 16 16s-7.18 16-16 16-16-7.18-16-16 7.18-16 16-16z\"><\/path><\/svg><\/div>\n\t\t\t\t\t\t<\/span>\n\t\t<\/div>\n\t\t\t\t\t\t<\/div>\n\t\t\t\t<\/div>\n\t\t\t\t<\/div>\n\t\t","protected":false},"excerpt":{"rendered":"<p>Bienvenue sur notre site ! \ud80c\udd4a L\u2019association colombophile de Saint-Omer \/ Saint-Martin-lez-Tatinghem regroupe des passionn\u00e9s de colombophilie, discipline consacr\u00e9e \u00e0 l\u2019\u00e9levage et aux concours de pigeons voyageurs. Ses membres participent \u00e0 des comp\u00e9titions allant des \u00e9preuves de vitesse aux concours f\u00e9d\u00e9raux, sur des distances comprises entre 100 et 700 kilom\u00e8tres. \ud80c\udd4a Curieux de d\u00e9couvrir tout [&hellip;]<\/p>\n","protected":false},"author":1,"featured_media":0,"parent":0,"menu_order":0,"comment_status":"closed","ping_status":"closed","template":"","meta":{"footnotes":""},"class_list":["post-11","page","type-page","status-publish","hentry","entry"],"yoast_head":"<!-- This site is optimized with the Yoast SEO plugin v27.3 - https:\/\/yoast.com\/product\/yoast-seo-wordpress\/ -->\n<title>Site Internet - Entente Colombophile Audomarois<\/title>\n<meta name=\"description\" content=\"L\u2019association colombophile de Saint-omer\/Saint Martin lez Tatinghem est une soci\u00e9t\u00e9 colombophile, c\u2019est \u00e0 dire que l\u2019on y pratique le jeu de pigeon. Nous sommes l&#039;une des soci\u00e9t\u00e9 des plus importantes en nombre d\u2019adh\u00e9rents et de r\u00e9sultats avec de nombreux champions: Groupement \u2013 France dans les diff\u00e9rentes cat\u00e9gories Jeunes Pigeons D\u2019un an ( Yearlings ) et Vieux.\" \/>\n<meta name=\"robots\" content=\"index, follow, max-snippet:-1, max-image-preview:large, max-video-preview:-1\" \/>\n<link rel=\"canonical\" href=\"https:\/\/colombophile62500.fr\/\" \/>\n<meta property=\"og:locale\" content=\"fr_FR\" \/>\n<meta property=\"og:type\" content=\"article\" \/>\n<meta property=\"og:title\" content=\"Site Internet - Entente Colombophile Audomarois\" \/>\n<meta property=\"og:description\" content=\"L\u2019association colombophile de Saint-omer\/Saint Martin lez Tatinghem est une soci\u00e9t\u00e9 colombophile, c\u2019est \u00e0 dire que l\u2019on y pratique le jeu de pigeon. Nous sommes l&#039;une des soci\u00e9t\u00e9 des plus importantes en nombre d\u2019adh\u00e9rents et de r\u00e9sultats avec de nombreux champions: Groupement \u2013 France dans les diff\u00e9rentes cat\u00e9gories Jeunes Pigeons D\u2019un an ( Yearlings ) et Vieux.\" \/>\n<meta property=\"og:url\" content=\"https:\/\/colombophile62500.fr\/\" \/>\n<meta property=\"og:site_name\" content=\"Entente Colombophile\" \/>\n<meta property=\"article:modified_time\" content=\"2026-04-01T06:42:57+00:00\" \/>\n<meta property=\"og:image\" content=\"https:\/\/colombophile62500.fr\/wp-content\/uploads\/2025\/12\/unnamed.jpg\" \/>\n\t<meta property=\"og:image:width\" content=\"2048\" \/>\n\t<meta property=\"og:image:height\" content=\"1365\" \/>\n\t<meta property=\"og:image:type\" content=\"image\/jpeg\" \/>\n<meta name=\"twitter:card\" content=\"summary_large_image\" \/>\n<meta name=\"twitter:label1\" content=\"Dur\u00e9e de lecture estim\u00e9e\" \/>\n\t<meta name=\"twitter:data1\" content=\"1 minute\" \/>\n<script type=\"application\/ld+json\" class=\"yoast-schema-graph\">{\"@context\":\"https:\\\/\\\/schema.org\",\"@graph\":[{\"@type\":\"WebPage\",\"@id\":\"https:\\\/\\\/colombophile62500.fr\\\/\",\"url\":\"https:\\\/\\\/colombophile62500.fr\\\/\",\"name\":\"Site Internet - Entente Colombophile Audomarois\",\"isPartOf\":{\"@id\":\"https:\\\/\\\/colombophile62500.fr\\\/#website\"},\"primaryImageOfPage\":{\"@id\":\"https:\\\/\\\/colombophile62500.fr\\\/#primaryimage\"},\"image\":{\"@id\":\"https:\\\/\\\/colombophile62500.fr\\\/#primaryimage\"},\"thumbnailUrl\":\"https:\\\/\\\/colombophile62500.fr\\\/wp-content\\\/uploads\\\/2025\\\/12\\\/unnamed-1024x683.jpg\",\"datePublished\":\"2025-12-10T08:04:11+00:00\",\"dateModified\":\"2026-04-01T06:42:57+00:00\",\"description\":\"L\u2019association colombophile de Saint-omer\\\/Saint Martin lez Tatinghem est une soci\u00e9t\u00e9 colombophile, c\u2019est \u00e0 dire que l\u2019on y pratique le jeu de pigeon. Nous sommes l'une des soci\u00e9t\u00e9 des plus importantes en nombre d\u2019adh\u00e9rents et de r\u00e9sultats avec de nombreux champions: Groupement \u2013 France dans les diff\u00e9rentes cat\u00e9gories Jeunes Pigeons D\u2019un an ( Yearlings ) et Vieux.\",\"breadcrumb\":{\"@id\":\"https:\\\/\\\/colombophile62500.fr\\\/#breadcrumb\"},\"inLanguage\":\"fr-FR\",\"potentialAction\":[{\"@type\":\"ReadAction\",\"target\":[\"https:\\\/\\\/colombophile62500.fr\\\/\"]}]},{\"@type\":\"ImageObject\",\"inLanguage\":\"fr-FR\",\"@id\":\"https:\\\/\\\/colombophile62500.fr\\\/#primaryimage\",\"url\":\"https:\\\/\\\/colombophile62500.fr\\\/wp-content\\\/uploads\\\/2025\\\/12\\\/unnamed.jpg\",\"contentUrl\":\"https:\\\/\\\/colombophile62500.fr\\\/wp-content\\\/uploads\\\/2025\\\/12\\\/unnamed.jpg\",\"width\":2048,\"height\":1365},{\"@type\":\"BreadcrumbList\",\"@id\":\"https:\\\/\\\/colombophile62500.fr\\\/#breadcrumb\",\"itemListElement\":[{\"@type\":\"ListItem\",\"position\":1,\"name\":\"Accueil\",\"item\":\"https:\\\/\\\/colombophile62500.fr\\\/\"},{\"@type\":\"ListItem\",\"position\":2,\"name\":\"Accueil\"}]},{\"@type\":\"WebSite\",\"@id\":\"https:\\\/\\\/colombophile62500.fr\\\/#website\",\"url\":\"https:\\\/\\\/colombophile62500.fr\\\/\",\"name\":\"Entente Colombophile\",\"description\":\"\",\"potentialAction\":[{\"@type\":\"SearchAction\",\"target\":{\"@type\":\"EntryPoint\",\"urlTemplate\":\"https:\\\/\\\/colombophile62500.fr\\\/?s={search_term_string}\"},\"query-input\":{\"@type\":\"PropertyValueSpecification\",\"valueRequired\":true,\"valueName\":\"search_term_string\"}}],\"inLanguage\":\"fr-FR\"}]}<\/script>\n<!-- \/ Yoast SEO plugin. -->","yoast_head_json":{"title":"Site Internet - Entente Colombophile Audomarois","description":"L\u2019association colombophile de Saint-omer\/Saint Martin lez Tatinghem est une soci\u00e9t\u00e9 colombophile, c\u2019est \u00e0 dire que l\u2019on y pratique le jeu de pigeon. Nous sommes l'une des soci\u00e9t\u00e9 des plus importantes en nombre d\u2019adh\u00e9rents et de r\u00e9sultats avec de nombreux champions: Groupement \u2013 France dans les diff\u00e9rentes cat\u00e9gories Jeunes Pigeons D\u2019un an ( Yearlings ) et Vieux.","robots":{"index":"index","follow":"follow","max-snippet":"max-snippet:-1","max-image-preview":"max-image-preview:large","max-video-preview":"max-video-preview:-1"},"canonical":"https:\/\/colombophile62500.fr\/","og_locale":"fr_FR","og_type":"article","og_title":"Site Internet - Entente Colombophile Audomarois","og_description":"L\u2019association colombophile de Saint-omer\/Saint Martin lez Tatinghem est une soci\u00e9t\u00e9 colombophile, c\u2019est \u00e0 dire que l\u2019on y pratique le jeu de pigeon. Nous sommes l'une des soci\u00e9t\u00e9 des plus importantes en nombre d\u2019adh\u00e9rents et de r\u00e9sultats avec de nombreux champions: Groupement \u2013 France dans les diff\u00e9rentes cat\u00e9gories Jeunes Pigeons D\u2019un an ( Yearlings ) et Vieux.","og_url":"https:\/\/colombophile62500.fr\/","og_site_name":"Entente Colombophile","article_modified_time":"2026-04-01T06:42:57+00:00","og_image":[{"width":2048,"height":1365,"url":"https:\/\/colombophile62500.fr\/wp-content\/uploads\/2025\/12\/unnamed.jpg","type":"image\/jpeg"}],"twitter_card":"summary_large_image","twitter_misc":{"Dur\u00e9e de lecture estim\u00e9e":"1 minute"},"schema":{"@context":"https:\/\/schema.org","@graph":[{"@type":"WebPage","@id":"https:\/\/colombophile62500.fr\/","url":"https:\/\/colombophile62500.fr\/","name":"Site Internet - Entente Colombophile Audomarois","isPartOf":{"@id":"https:\/\/colombophile62500.fr\/#website"},"primaryImageOfPage":{"@id":"https:\/\/colombophile62500.fr\/#primaryimage"},"image":{"@id":"https:\/\/colombophile62500.fr\/#primaryimage"},"thumbnailUrl":"https:\/\/colombophile62500.fr\/wp-content\/uploads\/2025\/12\/unnamed-1024x683.jpg","datePublished":"2025-12-10T08:04:11+00:00","dateModified":"2026-04-01T06:42:57+00:00","description":"L\u2019association colombophile de Saint-omer\/Saint Martin lez Tatinghem est une soci\u00e9t\u00e9 colombophile, c\u2019est \u00e0 dire que l\u2019on y pratique le jeu de pigeon. Nous sommes l'une des soci\u00e9t\u00e9 des plus importantes en nombre d\u2019adh\u00e9rents et de r\u00e9sultats avec de nombreux champions: Groupement \u2013 France dans les diff\u00e9rentes cat\u00e9gories Jeunes Pigeons D\u2019un an ( Yearlings ) et Vieux.","breadcrumb":{"@id":"https:\/\/colombophile62500.fr\/#breadcrumb"},"inLanguage":"fr-FR","potentialAction":[{"@type":"ReadAction","target":["https:\/\/colombophile62500.fr\/"]}]},{"@type":"ImageObject","inLanguage":"fr-FR","@id":"https:\/\/colombophile62500.fr\/#primaryimage","url":"https:\/\/colombophile62500.fr\/wp-content\/uploads\/2025\/12\/unnamed.jpg","contentUrl":"https:\/\/colombophile62500.fr\/wp-content\/uploads\/2025\/12\/unnamed.jpg","width":2048,"height":1365},{"@type":"BreadcrumbList","@id":"https:\/\/colombophile62500.fr\/#breadcrumb","itemListElement":[{"@type":"ListItem","position":1,"name":"Accueil","item":"https:\/\/colombophile62500.fr\/"},{"@type":"ListItem","position":2,"name":"Accueil"}]},{"@type":"WebSite","@id":"https:\/\/colombophile62500.fr\/#website","url":"https:\/\/colombophile62500.fr\/","name":"Entente Colombophile","description":"","potentialAction":[{"@type":"SearchAction","target":{"@type":"EntryPoint","urlTemplate":"https:\/\/colombophile62500.fr\/?s={search_term_string}"},"query-input":{"@type":"PropertyValueSpecification","valueRequired":true,"valueName":"search_term_string"}}],"inLanguage":"fr-FR"}]}},"_links":{"self":[{"href":"https:\/\/colombophile62500.fr\/index.php\/wp-json\/wp\/v2\/pages\/11","targetHints":{"allow":["GET"]}}],"collection":[{"href":"https:\/\/colombophile62500.fr\/index.php\/wp-json\/wp\/v2\/pages"}],"about":[{"href":"https:\/\/colombophile62500.fr\/index.php\/wp-json\/wp\/v2\/types\/page"}],"author":[{"embeddable":true,"href":"https:\/\/colombophile62500.fr\/index.php\/wp-json\/wp\/v2\/users\/1"}],"replies":[{"embeddable":true,"href":"https:\/\/colombophile62500.fr\/index.php\/wp-json\/wp\/v2\/comments?post=11"}],"version-history":[{"count":159,"href":"https:\/\/colombophile62500.fr\/index.php\/wp-json\/wp\/v2\/pages\/11\/revisions"}],"predecessor-version":[{"id":1060,"href":"https:\/\/colombophile62500.fr\/index.php\/wp-json\/wp\/v2\/pages\/11\/revisions\/1060"}],"wp:attachment":[{"href":"https:\/\/colombophile62500.fr\/index.php\/wp-json\/wp\/v2\/media?parent=11"}],"curies":[{"name":"wp","href":"https:\/\/api.w.org\/{rel}","templated":true}]}}